{"id":1945,"date":"2023-08-30T14:00:08","date_gmt":"2023-08-30T17:00:08","guid":{"rendered":"https:\/\/www.institutochicomario.org.br\/?page_id=1945"},"modified":"2023-08-30T14:19:40","modified_gmt":"2023-08-30T17:19:40","slug":"meet-the-winners-of-the-i-francisco-mario-international-prize-for-modern-guitar-europe-2023","status":"publish","type":"page","link":"https:\/\/www.institutochicomario.org.br\/en\/meet-the-winners-of-the-i-francisco-mario-international-prize-for-modern-guitar-europe-2023\/","title":{"rendered":"Meet the Winners of the I Francisco M\u00e1rio International Prize for Modern Guitar &#8211; Europe 2023"},"content":{"rendered":"<p>[et_pb_section fb_built=&#8221;1&#8243; admin_label=&#8221;Feature&#8221; _builder_version=&#8221;4.19.1&#8243; background_size=&#8221;initial&#8221; global_colors_info=&#8221;{}&#8221;][et_pb_row _builder_version=&#8221;4.16&#8243; global_colors_info=&#8221;{}&#8221;][et_pb_column type=&#8221;4_4&#8243; _builder_version=&#8221;4.16&#8243; custom_padding=&#8221;|||&#8221; global_colors_info=&#8221;{}&#8221; custom_padding__hover=&#8221;|||&#8221;][et_pb_text _builder_version=&#8221;4.22.1&#8243; text_font=&#8221;Amaranth||||||||&#8221; text_text_color=&#8221;#0a4685&#8243; text_line_height=&#8221;1.5em&#8221; header_font=&#8221;Amaranth||||||||&#8221; header_text_align=&#8221;center&#8221; header_text_color=&#8221;#0a4685&#8243; header_2_font=&#8221;Fredoka One||||||||&#8221; header_2_text_color=&#8221;#262f71&#8243; header_2_font_size=&#8221;46px&#8221; header_2_line_height=&#8221;1.3em&#8221; animation_direction=&#8221;top&#8221; global_colors_info=&#8221;{}&#8221;]<\/p>\n<h1>Final &#8211; I Francisco M\u00e1rio International Prize for Modern Guitar Europe Edition 2023<\/h1>\n<p>[\/et_pb_text][et_pb_text _builder_version=&#8221;4.16&#8243; text_font=&#8221;Nunito||||||||&#8221; text_font_size=&#8221;18px&#8221; text_line_height=&#8221;1.8em&#8221; header_font=&#8221;||||||||&#8221; custom_padding=&#8221;0px|||&#8221; animation_direction=&#8221;top&#8221; global_colors_info=&#8221;{}&#8221;]<\/p>\n<p>The award ceremony was held at the Munganga Theater in Amsterdam (Holland) on August 22, 2023, the date on which Francisco M\u00e1rio would have turned 75.<\/p>\n<p>In the jury&#8217;s final decision, the following musicians were awarded:<\/p>\n<p><strong>1. Karlijn Langendijk<\/strong> (Netherlands) &#8211; Song: Triste S\u00e3o Paulo<\/p>\n<p><strong>2. (a tie) Alvaro Javier Rovira Ruiz<\/strong> (Netherlands) &#8211; Music: Choro Grave <\/p>\n<p><strong>2. (a tie) Vitor Mateus D&#8217;Alto\u00e9 Garbelotto<\/strong> (France) &#8211; Song: Saudade da Terra<\/p>\n<p><span style=\"font-size: 18px;\"> <\/span><\/p>\n<p>[\/et_pb_text][et_pb_code _builder_version=&#8221;4.22.1&#8243; _module_preset=&#8221;default&#8221; global_colors_info=&#8221;{}&#8221;]<iframe loading=\"lazy\" width=\"560\" height=\"315\" src=\"https:\/\/www.youtube.com\/embed\/NHO4ImGxG9o?si=9jCBfzBq8ZXA_cw-\" title=\"YouTube video player\" frameborder=\"0\" allow=\"accelerometer; autoplay; clipboard-write; encrypted-media; gyroscope; picture-in-picture; web-share\" allowfullscreen=\"\"><\/iframe>[\/et_pb_code][et_pb_image src=&#8221;https:\/\/www.institutochicomario.org.br\/wp-content\/uploads\/2023\/08\/WhatsApp-Image-2023-08-24-at-13.17.26.jpeg&#8221; title_text=&#8221;WhatsApp Image 2023-08-24 at 13.17.26&#8243; _builder_version=&#8221;4.22.1&#8243; _module_preset=&#8221;default&#8221; global_colors_info=&#8221;{}&#8221;][\/et_pb_image][\/et_pb_column][\/et_pb_row][et_pb_row _builder_version=&#8221;4.16&#8243; global_colors_info=&#8221;{}&#8221;][et_pb_column type=&#8221;4_4&#8243; _builder_version=&#8221;4.16&#8243; custom_padding=&#8221;|||&#8221; global_colors_info=&#8221;{}&#8221; custom_padding__hover=&#8221;|||&#8221;][et_pb_text _builder_version=&#8221;4.16&#8243; text_font=&#8221;Amaranth||||||||&#8221; text_text_color=&#8221;#0a4685&#8243; text_line_height=&#8221;1.5em&#8221; header_font=&#8221;Amaranth||||||||&#8221; header_text_align=&#8221;center&#8221; header_text_color=&#8221;#0a4685&#8243; header_2_font=&#8221;Fredoka One||||||||&#8221; header_2_text_color=&#8221;#262f71&#8243; header_2_font_size=&#8221;46px&#8221; header_2_line_height=&#8221;1.3em&#8221; animation_direction=&#8221;top&#8221; global_colors_info=&#8221;{}&#8221;]<\/p>\n<h1>About the Prize<\/h1>\n<p>[\/et_pb_text][et_pb_text _builder_version=&#8221;4.16&#8243; text_font=&#8221;Nunito||||||||&#8221; text_font_size=&#8221;18px&#8221; text_line_height=&#8221;1.8em&#8221; header_font=&#8221;||||||||&#8221; custom_padding=&#8221;0px|||&#8221; animation_direction=&#8221;top&#8221; global_colors_info=&#8221;{}&#8221;]<\/p>\n<p>Francisco M\u00e1rio was one of the pioneers of independent recording in Brazil, alongside Antonio Adolfo, and possibly the first to use crowdfunding in the country, in 1980, to produce his second album <em>&#8220;Revolta dos Palha\u00e7os&#8221;<\/em>. A respected guitarist from Minas Gerais, he left almost 90 compositions, 8 records and 3 books in his short life. Brother of cartoonist Henfil and sociologist Betinho, Chico M\u00e1rio, as he was affectionately called, died on March 14, 1988, at the age of 39. To publicize his important guitar work, foster Brazilian culture, encourage independent creation and value Brazil&#8217;s most popular instrument, the guitar, the Francisco M\u00e1rio Popular Guitar Award presented cash prizes and a trophy, designed by artist Mauricio Manzo, through the Chico M\u00e1rio Cultural Institute in partnership with the Guimar\u00e3es Rosa Institute and the Brazilian Ministry of Foreign Affairs.<\/p>\n<p>[\/et_pb_text][\/et_pb_column][\/et_pb_row][et_pb_row column_structure=&#8221;1_3,1_3,1_3&#8243; _builder_version=&#8221;4.19.4&#8243; global_colors_info=&#8221;{}&#8221;][et_pb_column type=&#8221;1_3&#8243; _builder_version=&#8221;4.16&#8243; custom_padding=&#8221;|||&#8221; global_colors_info=&#8221;{}&#8221; custom_padding__hover=&#8221;|||&#8221;][et_pb_image src=&#8221;https:\/\/www.institutochicomario.org.br\/wp-content\/uploads\/2018\/06\/ICCM.png&#8221; title_text=&#8221;ICCM&#8221; align=&#8221;center&#8221; align_tablet=&#8221;center&#8221; align_phone=&#8221;&#8221; align_last_edited=&#8221;on|desktop&#8221; _builder_version=&#8221;4.19.1&#8243; module_alignment=&#8221;center&#8221; custom_margin=&#8221;14px|||&#8221; global_colors_info=&#8221;{}&#8221;] \u00a0 [\/et_pb_image][\/et_pb_column][et_pb_column type=&#8221;1_3&#8243; _builder_version=&#8221;4.19.4&#8243; _module_preset=&#8221;default&#8221; global_colors_info=&#8221;{}&#8221;][et_pb_image src=&#8221;https:\/\/www.institutochicomario.org.br\/wp-content\/uploads\/2023\/01\/IGR_logo_linha_vert.png&#8221; title_text=&#8221;IGR_logo_line_vert&#8221; align=&#8221;center&#8221; _builder_version=&#8221;4.19.4&#8243; _module_preset=&#8221;default&#8221; module_alignment=&#8221;center&#8221; max_height=&#8221;129px&#8221; global_colors_info=&#8221;{}&#8221;][\/et_pb_image][\/et_pb_column][et_pb_column type=&#8221;1_3&#8243; _builder_version=&#8221;4.16&#8243; custom_padding=&#8221;|||&#8221; global_colors_info=&#8221;{}&#8221; custom_padding__hover=&#8221;|||&#8221;][et_pb_image src=&#8221;https:\/\/www.institutochicomario.org.br\/wp-content\/uploads\/2023\/01\/ministerio.png&#8221; title_text=&#8221;ministry&#8221; align=&#8221;center&#8221; align_tablet=&#8221;center&#8221; align_phone=&#8221;&#8221; align_last_edited=&#8221;on|desktop&#8221; _builder_version=&#8221;4.19.4&#8243; custom_margin=&#8221;30px|||&#8221; global_colors_info=&#8221;{}&#8221;] \u00a0 [\/et_pb_image][\/et_pb_column][\/et_pb_row][et_pb_row column_structure=&#8221;1_3,1_3,1_3&#8243; _builder_version=&#8221;4.19.4&#8243; global_colors_info=&#8221;{}&#8221;][et_pb_column type=&#8221;1_3&#8243; _builder_version=&#8221;4.16&#8243; custom_padding=&#8221;|||&#8221; global_colors_info=&#8221;{}&#8221; custom_padding__hover=&#8221;|||&#8221;][et_pb_image src=&#8221;https:\/\/www.institutochicomario.org.br\/wp-content\/uploads\/2023\/04\/Teatro-Munganga.png&#8221; title_text=&#8221;Munganga Theater&#8221; align=&#8221;center&#8221; align_tablet=&#8221;center&#8221; align_phone=&#8221;&#8221; align_last_edited=&#8221;on|desktop&#8221; _builder_version=&#8221;4.20.4&#8243; max_height=&#8221;166px&#8221; custom_margin=&#8221;14px||||false|false&#8221; global_colors_info=&#8221;{}&#8221;] \u00a0 [\/et_pb_image][\/et_pb_column][et_pb_column type=&#8221;1_3&#8243; _builder_version=&#8221;4.19.4&#8243; _module_preset=&#8221;default&#8221; custom_padding=&#8221;45px||||false|false&#8221; global_colors_info=&#8221;{}&#8221;][et_pb_image src=&#8221;https:\/\/www.institutochicomario.org.br\/wp-content\/uploads\/2023\/01\/Logotipo-Dialogica-Comunicacao-Estrategica-FULL.png&#8221; title_text=&#8221;Logotype Dial\u00f3gica Comunica\u00e7\u00e3o Estrat\u00e9gica FULL&#8221; align=&#8221;center&#8221; _builder_version=&#8221;4.19.4&#8243; _module_preset=&#8221;default&#8221; module_alignment=&#8221;center&#8221; max_height=&#8221;129px&#8221; global_colors_info=&#8221;{}&#8221;][\/et_pb_image][\/et_pb_column][et_pb_column type=&#8221;1_3&#8243; _builder_version=&#8221;4.19.4&#8243; custom_padding=&#8221;45px||||false|false&#8221; global_colors_info=&#8221;{}&#8221; custom_padding__hover=&#8221;|||&#8221;][et_pb_image src=&#8221;https:\/\/www.institutochicomario.org.br\/wp-content\/uploads\/2023\/04\/Haia-branco-1-1.png&#8221; title_text=&#8221;The White Hague (1)&#8221; align=&#8221;center&#8221; align_tablet=&#8221;center&#8221; align_phone=&#8221;&#8221; align_last_edited=&#8221;on|desktop&#8221; _builder_version=&#8221;4.20.4&#8243; module_alignment=&#8221;center&#8221; custom_margin=&#8221;-30px||||false|false&#8221; global_colors_info=&#8221;{}&#8221;] \u00a0 [\/et_pb_image][\/et_pb_column][\/et_pb_row][et_pb_row _builder_version=&#8221;4.19.1&#8243; global_colors_info=&#8221;{}&#8221;][et_pb_column type=&#8221;4_4&#8243; _builder_version=&#8221;4.19.0&#8243; custom_padding=&#8221;|||&#8221; global_colors_info=&#8221;{}&#8221; custom_padding__hover=&#8221;|||&#8221;][et_pb_text _builder_version=&#8221;4.16&#8243; global_colors_info=&#8221;{}&#8221;]<\/p>\n<h2 style=\"text-align: center;\">Co-realization<\/h2>\n<p>[\/et_pb_text][et_pb_image src=&#8221;https:\/\/www.institutochicomario.org.br\/wp-content\/uploads\/2018\/07\/logo-atelier-cultural.png&#8221; title_text=&#8221;logo atelier cultural&#8221; align=&#8221;center&#8221; align_tablet=&#8221;center&#8221; align_phone=&#8221;&#8221; align_last_edited=&#8221;on|desktop&#8221; _builder_version=&#8221;4.19.0&#8243; max_width=&#8221;18%&#8221; global_colors_info=&#8221;{}&#8221;][\/et_pb_image][\/et_pb_column][\/et_pb_row][\/et_pb_section][et_pb_section fb_built=&#8221;1&#8243; prev_background_color=&#8221;#0a4685&#8243; admin_label=&#8221;Features&#8221; _builder_version=&#8221;4.16&#8243; background_color=&#8221;#0a4685&#8243; use_background_color_gradient=&#8221;on&#8221; background_color_gradient_stops=&#8221;#0a4685 0%|#0a4685 100%&#8221; background_color_gradient_start=&#8221;#0a4685&#8243; background_color_gradient_end=&#8221;#0a4685&#8243; background_blend=&#8221;overlay&#8221; custom_padding=&#8221;150px||120px|&#8221; top_divider_style=&#8221;wave2&#8243; top_divider_height=&#8221;150px&#8221; top_divider_flip=&#8221;horizontal&#8221; locked=&#8221;off&#8221; global_colors_info=&#8221;{}&#8221; theme_builder_area=&#8221;post_content&#8221;][et_pb_row custom_padding_last_edited=&#8221;off|desktop&#8221; _builder_version=&#8221;4.16&#8243; custom_margin=&#8221;|||&#8221; custom_padding=&#8221;|||&#8221; animation_style=&#8221;fade&#8221; global_colors_info=&#8221;{}&#8221; theme_builder_area=&#8221;post_content&#8221;][et_pb_column type=&#8221;4_4&#8243; _builder_version=&#8221;4.16&#8243; custom_padding=&#8221;|||&#8221; global_colors_info=&#8221;{}&#8221; custom_padding__hover=&#8221;|||&#8221; theme_builder_area=&#8221;post_content&#8221;][et_pb_text _builder_version=&#8221;4.16&#8243; text_font=&#8221;||||||||&#8221; header_font=&#8221;||||||||&#8221; header_text_align=&#8221;center&#8221; header_line_height=&#8221;0em&#8221; header_2_font=&#8221;Fredoka One||||||||&#8221; header_2_text_align=&#8221;center&#8221; header_2_font_size=&#8221;46px&#8221; header_2_line_height=&#8221;1.3em&#8221; background_layout=&#8221;dark&#8221; max_width=&#8221;700px&#8221; module_alignment=&#8221;center&#8221; custom_margin=&#8221;|||&#8221; animation_style=&#8221;slide&#8221; animation_direction=&#8221;top&#8221; animation_intensity_slide=&#8221;5%&#8221; animation_starting_opacity=&#8221;100%&#8221; global_colors_info=&#8221;{}&#8221; theme_builder_area=&#8221;post_content&#8221;]<\/p>\n<h1>Dates and Stages<\/h1>\n<p>[\/et_pb_text][\/et_pb_column][\/et_pb_row][et_pb_row column_structure=&#8221;1_4,1_4,1_4,1_4&#8243; _builder_version=&#8221;4.16&#8243; custom_margin=&#8221;30px|||&#8221; global_colors_info=&#8221;{}&#8221; theme_builder_area=&#8221;post_content&#8221;][et_pb_column type=&#8221;1_4&#8243; _builder_version=&#8221;4.16&#8243; custom_padding=&#8221;|||&#8221; global_colors_info=&#8221;{}&#8221; custom_padding__hover=&#8221;|||&#8221; theme_builder_area=&#8221;post_content&#8221;][et_pb_blurb title=&#8221;1. Registration&#8221; image=&#8221;https:\/\/www.institutochicomario.org.br\/wp-content\/uploads\/2018\/06\/babysitter-icon-21.png&#8221; _builder_version=&#8221;4.19.4&#8243; header_font=&#8221;Amaranth||||||||&#8221; header_font_size=&#8221;22px&#8221; header_line_height=&#8221;1.3em&#8221; body_font=&#8221;Nunito||||||||&#8221; body_line_height=&#8221;1.8em&#8221; text_orientation=&#8221;center&#8221; background_layout=&#8221;dark&#8221; animation_style=&#8221;fade&#8221; animation=&#8221;off&#8221; border_radii_image=&#8221;on|500px|500px|500px|500px&#8221; border_width_all_image=&#8221;14px&#8221; border_color_all_image=&#8221;#ffffff&#8221; box_shadow_style_image=&#8221;preset3&#8243; box_shadow_color_image=&#8221;rgba(102,175,204,0.35)&#8221; global_colors_info=&#8221;{}&#8221; theme_builder_area=&#8221;post_content&#8221;]<\/p>\n<p>From April 10 to June 23, you can register here on the site and submit your interpretation to the Award&#8217;s pre-selection jury.<\/p>\n<p>[\/et_pb_blurb][\/et_pb_column][et_pb_column type=&#8221;1_4&#8243; _builder_version=&#8221;4.16&#8243; custom_padding=&#8221;|||&#8221; global_colors_info=&#8221;{}&#8221; custom_padding__hover=&#8221;|||&#8221; theme_builder_area=&#8221;post_content&#8221;][et_pb_blurb title=&#8221;2. Pre-Selection&#8221; image=&#8221;https:\/\/www.institutochicomario.org.br\/wp-content\/uploads\/2018\/06\/babysitter-icon-22.png&#8221; _builder_version=&#8221;4.19.4&#8243; header_font=&#8221;Amaranth||||||||&#8221; header_font_size=&#8221;22px&#8221; header_line_height=&#8221;1.3em&#8221; body_font=&#8221;Nunito||||||||&#8221; body_line_height=&#8221;1.8em&#8221; text_orientation=&#8221;center&#8221; background_layout=&#8221;dark&#8221; animation_style=&#8221;fade&#8221; animation_delay=&#8221;100ms&#8221; animation=&#8221;off&#8221; border_radii_image=&#8221;on|500px|500px|500px|500px&#8221; border_width_all_image=&#8221;14px&#8221; border_color_all_image=&#8221;#ffffff&#8221; box_shadow_style_image=&#8221;preset3&#8243; box_shadow_color_image=&#8221;rgba(102,175,204,0.35)&#8221; global_colors_info=&#8221;{}&#8221; theme_builder_area=&#8221;post_content&#8221;]<\/p>\n<p>The jury will evaluate the published and submitted works and will confirm the finalists via email and in a post here on the website<\/p>\n<p>[\/et_pb_blurb][\/et_pb_column][et_pb_column type=&#8221;1_4&#8243; _builder_version=&#8221;4.16&#8243; custom_padding=&#8221;|||&#8221; global_colors_info=&#8221;{}&#8221; custom_padding__hover=&#8221;|||&#8221; theme_builder_area=&#8221;post_content&#8221;][et_pb_blurb title=&#8221;3. Official Ceremony&#8221; image=&#8221;https:\/\/www.institutochicomario.org.br\/wp-content\/uploads\/2018\/06\/babysitter-icon-23.png&#8221; _builder_version=&#8221;4.19.4&#8243; header_font=&#8221;Amaranth||||||||&#8221; header_font_size=&#8221;22px&#8221; header_line_height=&#8221;1.3em&#8221; body_font=&#8221;Nunito||||||||&#8221; body_line_height=&#8221;1.8em&#8221; text_orientation=&#8221;center&#8221; background_layout=&#8221;dark&#8221; animation_style=&#8221;fade&#8221; animation_delay=&#8221;200ms&#8221; animation=&#8221;off&#8221; border_radii_image=&#8221;on|500px|500px|500px|500px&#8221; border_width_all_image=&#8221;14px&#8221; border_color_all_image=&#8221;#ffffff&#8221; box_shadow_style_image=&#8221;preset3&#8243; box_shadow_color_image=&#8221;rgba(102,175,204,0.35)&#8221; global_colors_info=&#8221;{}&#8221; theme_builder_area=&#8221;post_content&#8221;]<\/p>\n<p>Those who qualify for the final stage will make a presentation at the Official Ceremony in Buenos Aires on August 22, 2023.<\/p>\n<p>[\/et_pb_blurb][\/et_pb_column][et_pb_column type=&#8221;1_4&#8243; _builder_version=&#8221;4.16&#8243; custom_padding=&#8221;|||&#8221; global_colors_info=&#8221;{}&#8221; custom_padding__hover=&#8221;|||&#8221; theme_builder_area=&#8221;post_content&#8221;][et_pb_blurb title=&#8221;4. Award&#8221; image=&#8221;https:\/\/www.institutochicomario.org.br\/wp-content\/uploads\/2018\/06\/babysitter-icon-24.png&#8221; _builder_version=&#8221;4.19.4&#8243; header_font=&#8221;Amaranth||||||||&#8221; header_font_size=&#8221;22px&#8221; header_line_height=&#8221;1.3em&#8221; body_font=&#8221;Nunito||||||||&#8221; body_line_height=&#8221;1.8em&#8221; text_orientation=&#8221;center&#8221; background_layout=&#8221;dark&#8221; animation_style=&#8221;fade&#8221; animation_delay=&#8221;300ms&#8221; animation=&#8221;off&#8221; border_radii_image=&#8221;on|500px|500px|500px|500px&#8221; border_width_all_image=&#8221;14px&#8221; border_color_all_image=&#8221;#ffffff&#8221; box_shadow_style_image=&#8221;preset3&#8243; box_shadow_color_image=&#8221;rgba(102,175,204,0.35)&#8221; global_colors_info=&#8221;{}&#8221; theme_builder_area=&#8221;post_content&#8221;]<\/p>\n<p>Cash awards will be given to the 10 people selected, and trophies for 1st and 2nd place in the competition.<\/p>\n<p>[\/et_pb_blurb][\/et_pb_column][\/et_pb_row][\/et_pb_section][et_pb_section fb_built=&#8221;1&#8243; admin_label=&#8221;Feature&#8221; _builder_version=&#8221;4.16&#8243; custom_padding=&#8221;50px|0px|120px|0px|false|false&#8221; global_colors_info=&#8221;{}&#8221;][et_pb_row column_structure=&#8221;1_2,1_2&#8243; module_class=&#8221;panel-body&#8221; _builder_version=&#8221;4.16&#8243; custom_margin=&#8221;|||&#8221; animation_style=&#8221;fade&#8221; global_colors_info=&#8221;{}&#8221;][et_pb_column type=&#8221;1_2&#8243; _builder_version=&#8221;4.16&#8243; custom_padding=&#8221;|||&#8221; global_colors_info=&#8221;{}&#8221; custom_padding__hover=&#8221;|||&#8221;][et_pb_image src=&#8221;https:\/\/www.institutochicomario.org.br\/wp-content\/uploads\/2018\/06\/cropped-ICCM-Favicon.png&#8221; title_text=&#8221;cropped-ICCM-Favicon.png&#8221; force_fullwidth=&#8221;on&#8221; align_tablet=&#8221;center&#8221; align_phone=&#8221;&#8221; align_last_edited=&#8221;on|desktop&#8221; admin_label=&#8221;Illustration&#8221; _builder_version=&#8221;4.19.1&#8243; animation_style=&#8221;fade&#8221; global_colors_info=&#8221;{}&#8221;] \u00a0 [\/et_pb_image][\/et_pb_column][et_pb_column type=&#8221;1_2&#8243; _builder_version=&#8221;4.16&#8243; custom_padding=&#8221;7%|||&#8221; global_colors_info=&#8221;{}&#8221; custom_padding__hover=&#8221;|||&#8221;][et_pb_text _builder_version=&#8221;4.16&#8243; header_font=&#8221;Amaranth||||||||&#8221; header_text_color=&#8221;#0a4685&#8243; header_2_font=&#8221;Amaranth||||||||&#8221; header_2_text_color=&#8221;#0a4685&#8243; header_2_font_size=&#8221;46px&#8221; header_2_line_height=&#8221;1.3em&#8221; animation_style=&#8221;slide&#8221; animation_direction=&#8221;top&#8221; animation_intensity_slide=&#8221;5%&#8221; animation_starting_opacity=&#8221;100%&#8221; locked=&#8221;off&#8221; global_colors_info=&#8221;{}&#8221;]<\/p>\n<h2>LONG LIVE CHICO M\u00c1RIO!<\/h2>\n<p>[\/et_pb_text][\/et_pb_column][\/et_pb_row][\/et_pb_section]<\/p>\n","protected":false},"excerpt":{"rendered":"<p>Final &#8211; I Francisco M\u00e1rio International Prize for Modern Guitar Europe Edition 2023The award ceremony was held at the Munganga Theater in Amsterdam (Holland) on August 22, 2023, the date on which Francisco M\u00e1rio would have turned 75. In the jury&#8217;s final decision, the following musicians were awarded: 1. Karlijn Langendijk (Netherlands) &#8211; Song: Triste [&hellip;]<\/p>\n","protected":false},"author":2,"featured_media":0,"parent":0,"menu_order":0,"comment_status":"closed","ping_status":"closed","template":"","meta":{"_et_pb_use_builder":"on","_et_pb_old_content":"","_et_gb_content_width":"","footnotes":""},"class_list":["post-1945","page","type-page","status-publish","hentry"],"jetpack_sharing_enabled":true,"_links":{"self":[{"href":"https:\/\/www.institutochicomario.org.br\/en\/wp-json\/wp\/v2\/pages\/1945","targetHints":{"allow":["GET"]}}],"collection":[{"href":"https:\/\/www.institutochicomario.org.br\/en\/wp-json\/wp\/v2\/pages"}],"about":[{"href":"https:\/\/www.institutochicomario.org.br\/en\/wp-json\/wp\/v2\/types\/page"}],"author":[{"embeddable":true,"href":"https:\/\/www.institutochicomario.org.br\/en\/wp-json\/wp\/v2\/users\/2"}],"replies":[{"embeddable":true,"href":"https:\/\/www.institutochicomario.org.br\/en\/wp-json\/wp\/v2\/comments?post=1945"}],"version-history":[{"count":10,"href":"https:\/\/www.institutochicomario.org.br\/en\/wp-json\/wp\/v2\/pages\/1945\/revisions"}],"predecessor-version":[{"id":1981,"href":"https:\/\/www.institutochicomario.org.br\/en\/wp-json\/wp\/v2\/pages\/1945\/revisions\/1981"}],"wp:attachment":[{"href":"https:\/\/www.institutochicomario.org.br\/en\/wp-json\/wp\/v2\/media?parent=1945"}],"curies":[{"name":"wp","href":"https:\/\/api.w.org\/{rel}","templated":true}]}}