{"id":1546,"date":"2018-06-15T02:17:35","date_gmt":"2018-06-15T05:17:35","guid":{"rendered":"http:\/\/www.institutochicomario.org.br\/instituto-cultural-chico-mario\/"},"modified":"2024-10-10T13:49:14","modified_gmt":"2024-10-10T16:49:14","slug":"instituto-cultural-chico-mario","status":"publish","type":"page","link":"https:\/\/www.institutochicomario.org.br\/es\/","title":{"rendered":"Instituto Cultural Chico M\u00e1rio"},"content":{"rendered":"<p>[et_pb_section fb_built=\u00bb1&#8243; fullwidth=\u00bbon\u00bb _builder_version=\u00bb4.18.1&#8243; _module_preset=\u00bbdefault\u00bb background_video_mp4=\u00bbhttps:\/\/www.institutochicomario.org.br\/wp-content\/uploads\/2022\/11\/chico_back.mp4&#8243; global_colors_info=\u00bb{}\u00bb][et_pb_fullwidth_slider _builder_version=\u00bb4.27.0&#8243; _module_preset=\u00bbdefault\u00bb background_color=\u00bbRGBA(255,255,255,0)\u00bb background_video_mp4=\u00bbhttps:\/\/www.institutochicomario.org.br\/wp-content\/uploads\/2022\/11\/chico_back.mp4&#8243; custom_margin=\u00bb-50px||||false|false\u00bb hover_enabled=\u00bb0&#8243; global_colors_info=\u00bb{}\u00bb sticky_enabled=\u00bb0&#8243;][et_pb_slide heading=\u00bbChico M\u00e1rio\u00bb button_text=\u00bbQUIERO SABER M\u00c1S\u00bb button_link=\u00bbhttps:\/\/www.institutochicomario.org.br\/es\/sobre-chico-mario\/\u00bb _builder_version=\u00bb4.19.1&#8243; _module_preset=\u00bbdefault\u00bb header_font=\u00bb|800|||||||\u00bb global_colors_info=\u00bb{}\u00bb sticky_transition=\u00bbon\u00bb]<\/p>\n<p>Hermano menor del soci\u00f3logo Herbert de Souza (Betinho) y del dibujante Henfil, autor del primer libro sobre producci\u00f3n independiente de discos y del primer crowdfunding aplicado a la producci\u00f3n fonogr\u00e1fica en Brasil. Ocho discos autorales y tres libros publicados en s\u00f3lo 39 a\u00f1os de vida. Conozca la vida y la obra de uno de los artistas y guitarristas m\u00e1s prol\u00edficos de Brasil.<\/p>\n<p>[\/et_pb_slide][et_pb_slide heading=\u00bbChico M\u00e1rio &#8211; La Melodia de la Libertad\u00bb button_text=\u00bb\u00a1Haz clic aqu\u00ed y reproduce!\u00bb button_link=\u00bbhttps:\/\/www.youtube.com\/watch?v=dN3i8o4oF2Q\u00bb url_new_window=\u00bbon\u00bb _builder_version=\u00bb4.27.0&#8243; _module_preset=\u00bbdefault\u00bb link_option_url_new_window=\u00bbon\u00bb hover_enabled=\u00bb0&#8243; global_colors_info=\u00bb{}\u00bb sticky_transition=\u00bbon\u00bb sticky_enabled=\u00bb0&#8243;]<\/p>\n<p>Mira la biograf\u00eda cinematogr\u00e1fica dirigida por Silvio Tendler y ahora disponible gratuitamente en YouTube.<\/p>\n<p>[\/et_pb_slide][et_pb_slide heading=\u00bbInstituto Cultural Chico M\u00e1rio\u00bb button_text=\u00bbCONOZCA NUESTRO TRABAJO\u00bb button_link=\u00bbhttps:\/\/www.institutochicomario.org.br\/es\/sobre-el-instituto-cultural-chico-mario\/\u00bb _builder_version=\u00bb4.18.1&#8243; _module_preset=\u00bbdefault\u00bb global_colors_info=\u00bb{}\u00bb sticky_transition=\u00bbon\u00bb]<\/p>\n<p>Nuestra misi\u00f3n es estudiar, salvaguardar y comunicar el acervo del compositor Francisco M\u00e1rio, con el objetivo de mejorar la experiencia del p\u00fablico con la m\u00fasica, la educaci\u00f3n cultural y el est\u00edmulo de la producci\u00f3n art\u00edstica independiente y el conocimiento de las artes. Haga clic en el bot\u00f3n de abajo y conozca m\u00e1s sobre nuestra naturaleza y trabajo.<\/p>\n<p>[\/et_pb_slide][et_pb_slide heading=\u00bbI Premio Internacional Francisco Mario de Guitarra Popular\u00bb button_text=\u00bbVea la grabaci\u00f3n de la ceremonia de premiaci\u00f3n\u00bb button_link=\u00bbhttps:\/\/www.institutochicomario.org.br\/es\/conozca-a-los-ganadores-del-premio-francisco-mario-de-guitarra-popular-europa-2023\/\u00bb _builder_version=\u00bb4.22.1&#8243; _module_preset=\u00bbdefault\u00bb header_level=\u00bbh2&#8243; header_font=\u00bb|800|||||||\u00bb button_alignment=\u00bbcenter\u00bb global_colors_info=\u00bb{}\u00bb sticky_transition=\u00bbon\u00bb]<\/p>\n<p>Tras la edici\u00f3n nacional en 2018, y la de edici\u00f3n las Am\u00e9ricas en 2023, uno de los mayores premios contempor\u00e1neos de Guitarra Popular cuenta con una edici\u00f3n europea.<\/p>\n<p>[\/et_pb_slide][\/et_pb_fullwidth_slider][\/et_pb_section][et_pb_section fb_built=\u00bb1&#8243; module_class=\u00bbbest-album\u00bb _builder_version=\u00bb4.16&#8243; background_color=\u00bb#ffffff\u00bb custom_padding=\u00bb25px|||\u00bb global_colors_info=\u00bb{}\u00bb][et_pb_row _builder_version=\u00bb4.16&#8243; background_size=\u00bbinitial\u00bb background_position=\u00bbtop_left\u00bb background_repeat=\u00bbrepeat\u00bb custom_padding=\u00bb40px|0px|3px|0px|false|false\u00bb global_colors_info=\u00bb{}\u00bb][et_pb_column type=\u00bb4_4&#8243; _builder_version=\u00bb4.16&#8243; custom_padding=\u00bb|||\u00bb global_colors_info=\u00bb{}\u00bb custom_padding__hover=\u00bb|||\u00bb][et_pb_text admin_label=\u00bbO INSTITUTO\u00bb _builder_version=\u00bb4.16&#8243; text_font=\u00bbRaleway|on|||\u00bb text_text_color=\u00bb#000000&#8243; text_font_size=\u00bb39&#8243; text_line_height=\u00bb1.1em\u00bb background_size=\u00bbinitial\u00bb background_position=\u00bbtop_left\u00bb background_repeat=\u00bbrepeat\u00bb text_orientation=\u00bbcenter\u00bb module_alignment=\u00bbcenter\u00bb custom_margin=\u00bb||15px|\u00bb use_border_color=\u00bboff\u00bb global_colors_info=\u00bb{}\u00bb]EL INSTITUTO<br \/>\n[\/et_pb_text][et_pb_text _builder_version=\u00bb4.16&#8243; text_font=\u00bb||||||||\u00bb text_font_size=\u00bb19px\u00bb global_colors_info=\u00bb{}\u00bb]El ICCM &#8211; Instituto Cultural Chico M\u00e1rio es una organizaci\u00f3n privada de la sociedad civil sin \u00e1nimo de lucro, creada en 2017, con el objetivo de promover la obra del compositor y m\u00fasico de Minas Gerais Francisco M\u00e1rio, un precursor de la m\u00fasica independiente en Brasil, y tambi\u00e9n promover la educaci\u00f3n y la ciudadan\u00eda a trav\u00e9s de la cultura.<\/p>\n<p>Nuestra misi\u00f3n es estudiar, salvaguardar y comunicar el acervo del compositor Francisco M\u00e1rio, con el objetivo de mejorar la experiencia del p\u00fablico con la m\u00fasica, la educaci\u00f3n cultural y el est\u00edmulo de la producci\u00f3n art\u00edstica independiente y el conocimiento de las artes. \u00bfQuieres saber m\u00e1s sobre nosotros? Haga clic en el bot\u00f3n de abajo y conozca nuestro trabajo.<br \/>\n[\/et_pb_text][\/et_pb_column][\/et_pb_row][et_pb_row _builder_version=\u00bb4.16&#8243; custom_padding=\u00bb28px|0px|50px|0px|false|false\u00bb global_colors_info=\u00bb{}\u00bb][et_pb_column type=\u00bb4_4&#8243; _builder_version=\u00bb4.16&#8243; custom_padding=\u00bb|||\u00bb global_colors_info=\u00bb{}\u00bb custom_padding__hover=\u00bb|||\u00bb][et_pb_button button_url=\u00bbhttps:\/\/www.institutochicomario.org.br\/es\/sobre-el-instituto-cultural-chico-mario\/\u00bb button_text=\u00bbSobre el ICCM\u00bb button_alignment=\u00bbcenter\u00bb _builder_version=\u00bb4.16&#8243; custom_button=\u00bbon\u00bb button_text_color=\u00bb#0a4685&#8243; button_border_color=\u00bb#0a4685&#8243; button_font=\u00bb||||||||\u00bb button_icon=\u00bb&#x35;||divi||400&#8243; button_bg_color_hover=\u00bbrgba(7,156,255,0.12)\u00bb global_colors_info=\u00bb{}\u00bb button_text_size__hover_enabled=\u00bboff\u00bb button_one_text_size__hover_enabled=\u00bboff\u00bb button_two_text_size__hover_enabled=\u00bboff\u00bb button_text_color__hover_enabled=\u00bboff\u00bb button_one_text_color__hover_enabled=\u00bboff\u00bb button_two_text_color__hover_enabled=\u00bboff\u00bb button_border_width__hover_enabled=\u00bboff\u00bb button_one_border_width__hover_enabled=\u00bboff\u00bb button_two_border_width__hover_enabled=\u00bboff\u00bb button_border_color__hover_enabled=\u00bboff\u00bb button_one_border_color__hover_enabled=\u00bboff\u00bb button_two_border_color__hover_enabled=\u00bboff\u00bb button_border_radius__hover_enabled=\u00bboff\u00bb button_one_border_radius__hover_enabled=\u00bboff\u00bb button_two_border_radius__hover_enabled=\u00bboff\u00bb button_letter_spacing__hover_enabled=\u00bboff\u00bb button_one_letter_spacing__hover_enabled=\u00bboff\u00bb button_two_letter_spacing__hover_enabled=\u00bboff\u00bb button_bg_color__hover_enabled=\u00bbon\u00bb button_bg_color__hover=\u00bbrgba(7,156,255,0.12)\u00bb button_one_bg_color__hover_enabled=\u00bboff\u00bb button_two_bg_color__hover_enabled=\u00bboff\u00bb][\/et_pb_button][\/et_pb_column][\/et_pb_row][\/et_pb_section][et_pb_section fb_built=\u00bb1&#8243; _builder_version=\u00bb4.16&#8243; background_color=\u00bb#f4f4f4&#8243; global_colors_info=\u00bb{}\u00bb][et_pb_row column_structure=\u00bb3_4,1_4&#8243; _builder_version=\u00bb4.16&#8243; custom_padding=\u00bb65px|0px|40px|0px|false|false\u00bb global_colors_info=\u00bb{}\u00bb][et_pb_column type=\u00bb3_4&#8243; _builder_version=\u00bb4.16&#8243; custom_padding=\u00bb|||\u00bb global_colors_info=\u00bb{}\u00bb custom_padding__hover=\u00bb|||\u00bb][et_pb_text admin_label=\u00bbO INSTITUTO\u00bb _builder_version=\u00bb4.16&#8243; text_font=\u00bbRaleway|on|||\u00bb text_text_color=\u00bb#000000&#8243; text_font_size=\u00bb39&#8243; text_line_height=\u00bb1.1em\u00bb background_size=\u00bbinitial\u00bb background_position=\u00bbtop_left\u00bb background_repeat=\u00bbrepeat\u00bb text_orientation=\u00bbcenter\u00bb module_alignment=\u00bbcenter\u00bb custom_margin=\u00bb||15px|\u00bb use_border_color=\u00bboff\u00bb global_colors_info=\u00bb{}\u00bb]<\/p>\n<p style=\"text-align: left;\">Chico M\u00e1rio<\/p>\n<p>[\/et_pb_text][et_pb_text _builder_version=\u00bb4.16&#8243; text_font=\u00bb||||||||\u00bb text_font_size=\u00bb19px\u00bb header_font=\u00bb||||||||\u00bb global_colors_info=\u00bb{}\u00bb]Nacido el 22 de agosto de 1948, en Belo Horizonte, Francisco M\u00e1rio de Figueiredo Souza, alias Chico M\u00e1rio, fue uno de los grandes pioneros de la m\u00fasica independiente en Brasil en una \u00e9poca en la que las gran compa\u00f1ias discogr\u00e1ficas dominaban el mercado musical. Tambi\u00e9n fue uno de los precursores del crowdfunding en el pa\u00eds, lanzando <em>\u00abRevolta dos Palha\u00e7os\u00bb,<\/em> en 1980, con el dinero de 200 personas que compraron el disco antes de su producci\u00f3n. En 1986, lanz\u00f3 el libro <em>\u00abC\u00f3mo hacer un disco independiente\u00bb,<\/em> considerado el primero de este tipo en el pa\u00eds.<\/p>\n<p>Hermano menor del soci\u00f3logo Betinho y del dibujante Henfil, hizo historia en la m\u00fasica brasile\u00f1a. En total hay 89 composiciones, en ocho discos independientes. Tambi\u00e9n ide\u00f3 un m\u00e9todo de m\u00fasica en color para ni\u00f1os y public\u00f3 cuentos infantiles en la revista Recreio. El primer \u00e1lbum, <em>\u00abTerra\u00bb<\/em>, publicado en 1979, recibi\u00f3 grandes elogios del poeta Carlos Drummond de Andrade. En 1987 escribi\u00f3 sus \u00faltimas obras: <em>\u00abDan\u00e7a do Mar\u00bb,<\/em> <em>\u00abSu\u00edte Brasil\u00bb<\/em> y <em>\u00abTempo\u00bb<\/em>. La obra y la vida de Chico se entrelazan con la historia pol\u00edtica, social y cultural del pa\u00eds.<br \/>\n[\/et_pb_text][et_pb_button button_url=\u00bbhttps:\/\/www.institutochicomario.org.br\/es\/sobre-chico-mario\/\u00bb button_text=\u00bbCONOZCA M\u00c1S SOBRE EL M\u00daSICO Y COMPOSITOR\u00bb _builder_version=\u00bb4.16&#8243; custom_button=\u00bbon\u00bb button_text_color=\u00bb#0a4685&#8243; button_border_color=\u00bb#0a4685&#8243; button_font=\u00bb||||||||\u00bb button_icon=\u00bb&#x35;||divi||400&#8243; button_bg_color_hover=\u00bbrgba(7,156,255,0.12)\u00bb global_colors_info=\u00bb{}\u00bb button_text_size__hover_enabled=\u00bboff\u00bb button_one_text_size__hover_enabled=\u00bboff\u00bb button_two_text_size__hover_enabled=\u00bboff\u00bb button_text_color__hover_enabled=\u00bboff\u00bb button_one_text_color__hover_enabled=\u00bboff\u00bb button_two_text_color__hover_enabled=\u00bboff\u00bb button_border_width__hover_enabled=\u00bboff\u00bb button_one_border_width__hover_enabled=\u00bboff\u00bb button_two_border_width__hover_enabled=\u00bboff\u00bb button_border_color__hover_enabled=\u00bboff\u00bb button_one_border_color__hover_enabled=\u00bboff\u00bb button_two_border_color__hover_enabled=\u00bboff\u00bb button_border_radius__hover_enabled=\u00bboff\u00bb button_one_border_radius__hover_enabled=\u00bboff\u00bb button_two_border_radius__hover_enabled=\u00bboff\u00bb button_letter_spacing__hover_enabled=\u00bboff\u00bb button_one_letter_spacing__hover_enabled=\u00bboff\u00bb button_two_letter_spacing__hover_enabled=\u00bboff\u00bb button_bg_color__hover_enabled=\u00bbon\u00bb button_bg_color__hover=\u00bbrgba(7,156,255,0.12)\u00bb button_one_bg_color__hover_enabled=\u00bboff\u00bb button_two_bg_color__hover_enabled=\u00bboff\u00bb][\/et_pb_button][\/et_pb_column][et_pb_column type=\u00bb1_4&#8243; _builder_version=\u00bb4.16&#8243; custom_padding=\u00bb|||\u00bb global_colors_info=\u00bb{}\u00bb custom_padding__hover=\u00bb|||\u00bb][et_pb_image src=\u00bbhttps:\/\/www.institutochicomario.org.br\/wp-content\/uploads\/2018\/06\/NOAR17.jpg\u00bb title_text=\u00bbNOAR17&#8243; force_fullwidth=\u00bbon\u00bb align_tablet=\u00bbcenter\u00bb align_phone=\u00bb\u00bb align_last_edited=\u00bbon|desktop\u00bb _builder_version=\u00bb4.18.0&#8243; animation_style=\u00bbfade\u00bb animation_duration=\u00bb1150ms\u00bb global_colors_info=\u00bb{}\u00bb][\/et_pb_image][\/et_pb_column][\/et_pb_row][\/et_pb_section][et_pb_section fb_built=\u00bb1&#8243; _builder_version=\u00bb4.18.0&#8243; background_color=\u00bb#0a4685&#8243; custom_margin=\u00bb0px|||||\u00bb global_colors_info=\u00bb{}\u00bb][et_pb_row _builder_version=\u00bb4.18.0&#8243; _module_preset=\u00bbdefault\u00bb width=\u00bb100%\u00bb module_alignment=\u00bbcenter\u00bb min_height=\u00bb256px\u00bb custom_margin=\u00bb0px||0px||false|false\u00bb custom_padding=\u00bb0px||0px||false|false\u00bb global_colors_info=\u00bb{}\u00bb][et_pb_column type=\u00bb4_4&#8243; _builder_version=\u00bb4.18.0&#8243; _module_preset=\u00bbdefault\u00bb global_colors_info=\u00bb{}\u00bb][et_pb_signup mailchimp_list=\u00bb|none\u00bb last_name_field=\u00bboff\u00bb success_message=\u00bbGracias. Su direcci\u00f3n de correo electr\u00f3nico est\u00e1 registrada. A partir de ahora, recibir\u00e1 nuestros mejores contenidos por correo electr\u00f3nico.\u00bb title=\u00bbReciba nuestros eventos y contenidos exclusivos por correo electr\u00f3nico\u00bb button_text=\u00bb\u00a1QUIERO RECIBIR!\u00bb description=\u00bb<\/p>\n<p>Por favor, introduzca su nombre y su mejor correo electr\u00f3nico correctamente a continuaci\u00f3n:<\/p>\n<p>\u00bb admin_label=\u00bbNewsletter Home\u00bb _builder_version=\u00bb4.16&#8243; header_font=\u00bb||on||||||\u00bb header_line_height=\u00bb1.2em\u00bb global_colors_info=\u00bb{}\u00bb button_text_size__hover_enabled=\u00bboff\u00bb button_one_text_size__hover_enabled=\u00bboff\u00bb button_two_text_size__hover_enabled=\u00bboff\u00bb button_text_color__hover_enabled=\u00bboff\u00bb button_one_text_color__hover_enabled=\u00bboff\u00bb button_two_text_color__hover_enabled=\u00bboff\u00bb button_border_width__hover_enabled=\u00bboff\u00bb button_one_border_width__hover_enabled=\u00bboff\u00bb button_two_border_width__hover_enabled=\u00bboff\u00bb button_border_color__hover_enabled=\u00bboff\u00bb button_one_border_color__hover_enabled=\u00bboff\u00bb button_two_border_color__hover_enabled=\u00bboff\u00bb button_border_radius__hover_enabled=\u00bboff\u00bb button_one_border_radius__hover_enabled=\u00bboff\u00bb button_two_border_radius__hover_enabled=\u00bboff\u00bb button_letter_spacing__hover_enabled=\u00bboff\u00bb button_one_letter_spacing__hover_enabled=\u00bboff\u00bb button_two_letter_spacing__hover_enabled=\u00bboff\u00bb button_bg_color__hover_enabled=\u00bboff\u00bb button_one_bg_color__hover_enabled=\u00bboff\u00bb button_two_bg_color__hover_enabled=\u00bboff\u00bb][\/et_pb_signup][\/et_pb_column][\/et_pb_row][\/et_pb_section][et_pb_section fb_built=\u00bb1&#8243; _builder_version=\u00bb4.18.0&#8243; background_image=\u00bbhttps:\/\/www.institutochicomario.org.br\/wp-content\/uploads\/2018\/06\/disco-Pijama-de-Seda-co\u0301pia.jpg\u00bb parallax=\u00bbon\u00bb custom_margin=\u00bb-30px|||||\u00bb global_colors_info=\u00bb{}\u00bb][et_pb_row column_structure=\u00bb1_4,3_4&#8243; _builder_version=\u00bb4.16&#8243; min_height=\u00bb590.8px\u00bb global_colors_info=\u00bb{}\u00bb][et_pb_column type=\u00bb1_4&#8243; _builder_version=\u00bb4.16&#8243; custom_padding=\u00bb|||\u00bb global_colors_info=\u00bb{}\u00bb custom_padding__hover=\u00bb|||\u00bb][et_pb_text _builder_version=\u00bb4.27.0&#8243; text_font=\u00bb||||||||\u00bb text_text_color=\u00bb#ffffff\u00bb global_colors_info=\u00bb{}\u00bb]<\/p>\n<p>Instituto Cultural Chico M\u00e1rio (ICCM)<\/p>\n<p>[\/et_pb_text][et_pb_social_media_follow url_new_window=\u00bboff\u00bb _builder_version=\u00bb4.27.0&#8243; global_colors_info=\u00bb{}\u00bb][et_pb_social_media_follow_network social_network=\u00bbfacebook\u00bb _builder_version=\u00bb4.16&#8243; bg_color=\u00bb#44a593&#8243; global_colors_info=\u00bb{}\u00bb follow_button=\u00bboff\u00bb url_new_window=\u00bboff\u00bb] facebook [\/et_pb_social_media_follow_network][et_pb_social_media_follow_network social_network=\u00bbinstagram\u00bb url=\u00bbhttps:\/\/www.instagram.com\/institutoculturalchicomario\/\u00bb _builder_version=\u00bb4.27.0&#8243; _module_preset=\u00bbdefault\u00bb background_color=\u00bbRGBA(255,255,255,0)\u00bb background_enable_color=\u00bbon\u00bb global_colors_info=\u00bb{}\u00bb follow_button=\u00bboff\u00bb url_new_window=\u00bboff\u00bb]instagram[\/et_pb_social_media_follow_network][et_pb_social_media_follow_network social_network=\u00bblast_fm\u00bb url=\u00bbhttps:\/\/www.last.fm\/pt\/music\/Francisco+M%C3%A1rio\u00bb _builder_version=\u00bb4.27.0&#8243; _module_preset=\u00bbdefault\u00bb background_color=\u00bbRGBA(255,255,255,0)\u00bb background_enable_color=\u00bbon\u00bb global_colors_info=\u00bb{}\u00bb follow_button=\u00bboff\u00bb url_new_window=\u00bboff\u00bb]last_fm[\/et_pb_social_media_follow_network][\/et_pb_social_media_follow][\/et_pb_column][et_pb_column type=\u00bb3_4&#8243; _builder_version=\u00bb4.16&#8243; custom_padding=\u00bb|||\u00bb global_colors_info=\u00bb{}\u00bb custom_padding__hover=\u00bb|||\u00bb][et_pb_text admin_label=\u00bbWE ARE PLEASED TO SEE WHAT YOU\u2019VE GOT\u00bb _builder_version=\u00bb4.16&#8243; text_font=\u00bbRaleway|on|||\u00bb text_text_color=\u00bb#ffffff\u00bb text_font_size=\u00bb21&#8243; background_size=\u00bbinitial\u00bb background_position=\u00bbtop_left\u00bb background_repeat=\u00bbrepeat\u00bb use_border_color=\u00bboff\u00bb global_colors_info=\u00bb{}\u00bb]HAGA CONTACTO CON NOSOTROS<br \/>\n[\/et_pb_text][et_pb_contact_form captcha=\u00bboff\u00bb email=\u00bbcontato@comunicacaodialogica.com\u00bb title=\u00bbHable con nosotros.\u00bb success_message=\u00bb\u00a1Mensaje enviado con \u00e9xito!\u00bb submit_button_text=\u00bbENVIAR MENSAJE\u00bb admin_label=\u00bbContato Home\u00bb module_id=\u00bbet_pb_contact_form_0&#8243; module_class=\u00bbfooter-cf\u00bb _builder_version=\u00bb4.16&#8243; _unique_id=\u00bb93836e90-175b-4f1e-ac88-76eb7594aa32&#8243; title_font=\u00bbRaleway||||\u00bb title_text_color=\u00bb#ffffff\u00bb title_font_size=\u00bb13&#8243; custom_button=\u00bbon\u00bb button_text_size=\u00bb15&#8243; button_text_color=\u00bb#ffffff\u00bb button_bg_color=\u00bb#0a4685&#8243; button_border_width=\u00bb0&#8243; button_border_color=\u00bbrgba(0,0,0,0)\u00bb button_border_radius=\u00bb0&#8243; button_font=\u00bbRaleway|on|||\u00bb button_icon=\u00bb&#x35;||divi||400&#8243; custom_css_contact_button=\u00bb text-transform: uppercase;\u00bb custom_css_contact_fields=\u00bb padding: 6px !important;\u00bb border_radii=\u00bbon|0px|0px|0px|0px\u00bb use_border_color=\u00bboff\u00bb global_colors_info=\u00bb{}\u00bb][et_pb_contact_field field_id=\u00bbName\u00bb field_title=\u00bbNombre\u00bb conditional_logic=\u00bbon\u00bb conditional_logic_rules=\u00bb%91{%22field%22:%22email%22,%22condition%22:%22contains%22,%22value%22:%22@%22}%93&#8243; _builder_version=\u00bb4.16&#8243; form_field_font=\u00bb||||||||\u00bb custom_css_main_element=\u00bb margin-bottom: 16px !important;\u00bb use_border_color=\u00bboff\u00bb border_style=\u00bbsolid\u00bb global_colors_info=\u00bb{}\u00bb button_text_size__hover_enabled=\u00bboff\u00bb button_one_text_size__hover_enabled=\u00bboff\u00bb button_two_text_size__hover_enabled=\u00bboff\u00bb button_text_color__hover_enabled=\u00bboff\u00bb button_one_text_color__hover_enabled=\u00bboff\u00bb button_two_text_color__hover_enabled=\u00bboff\u00bb button_border_width__hover_enabled=\u00bboff\u00bb button_one_border_width__hover_enabled=\u00bboff\u00bb button_two_border_width__hover_enabled=\u00bboff\u00bb button_border_color__hover_enabled=\u00bboff\u00bb button_one_border_color__hover_enabled=\u00bboff\u00bb button_two_border_color__hover_enabled=\u00bboff\u00bb button_border_radius__hover_enabled=\u00bboff\u00bb button_one_border_radius__hover_enabled=\u00bboff\u00bb button_two_border_radius__hover_enabled=\u00bboff\u00bb button_letter_spacing__hover_enabled=\u00bboff\u00bb button_one_letter_spacing__hover_enabled=\u00bboff\u00bb button_two_letter_spacing__hover_enabled=\u00bboff\u00bb button_bg_color__hover_enabled=\u00bboff\u00bb button_one_bg_color__hover_enabled=\u00bboff\u00bb button_two_bg_color__hover_enabled=\u00bboff\u00bb][\/et_pb_contact_field][et_pb_contact_field field_id=\u00bbEmail\u00bb field_title=\u00bbCorreo electr\u00f3nico \u00bb field_type=\u00bbemail\u00bb _builder_version=\u00bb4.16&#8243; form_field_font=\u00bb||||\u00bb custom_css_main_element=\u00bb margin-bottom: 16px !important;\u00bb use_border_color=\u00bboff\u00bb border_style=\u00bbsolid\u00bb global_colors_info=\u00bb{}\u00bb button_text_size__hover_enabled=\u00bboff\u00bb button_one_text_size__hover_enabled=\u00bboff\u00bb button_two_text_size__hover_enabled=\u00bboff\u00bb button_text_color__hover_enabled=\u00bboff\u00bb button_one_text_color__hover_enabled=\u00bboff\u00bb button_two_text_color__hover_enabled=\u00bboff\u00bb button_border_width__hover_enabled=\u00bboff\u00bb button_one_border_width__hover_enabled=\u00bboff\u00bb button_two_border_width__hover_enabled=\u00bboff\u00bb button_border_color__hover_enabled=\u00bboff\u00bb button_one_border_color__hover_enabled=\u00bboff\u00bb button_two_border_color__hover_enabled=\u00bboff\u00bb button_border_radius__hover_enabled=\u00bboff\u00bb button_one_border_radius__hover_enabled=\u00bboff\u00bb button_two_border_radius__hover_enabled=\u00bboff\u00bb button_letter_spacing__hover_enabled=\u00bboff\u00bb button_one_letter_spacing__hover_enabled=\u00bboff\u00bb button_two_letter_spacing__hover_enabled=\u00bboff\u00bb button_bg_color__hover_enabled=\u00bboff\u00bb button_one_bg_color__hover_enabled=\u00bboff\u00bb button_two_bg_color__hover_enabled=\u00bboff\u00bb][\/et_pb_contact_field][et_pb_contact_field field_id=\u00bbMessage\u00bb field_title=\u00bbMensaje\u00bb field_type=\u00bbtext\u00bb fullwidth_field=\u00bbon\u00bb _builder_version=\u00bb4.16&#8243; form_field_font=\u00bb||||\u00bb use_border_color=\u00bboff\u00bb border_style=\u00bbsolid\u00bb global_colors_info=\u00bb{}\u00bb button_text_size__hover_enabled=\u00bboff\u00bb button_one_text_size__hover_enabled=\u00bboff\u00bb button_two_text_size__hover_enabled=\u00bboff\u00bb button_text_color__hover_enabled=\u00bboff\u00bb button_one_text_color__hover_enabled=\u00bboff\u00bb button_two_text_color__hover_enabled=\u00bboff\u00bb button_border_width__hover_enabled=\u00bboff\u00bb button_one_border_width__hover_enabled=\u00bboff\u00bb button_two_border_width__hover_enabled=\u00bboff\u00bb button_border_color__hover_enabled=\u00bboff\u00bb button_one_border_color__hover_enabled=\u00bboff\u00bb button_two_border_color__hover_enabled=\u00bboff\u00bb button_border_radius__hover_enabled=\u00bboff\u00bb button_one_border_radius__hover_enabled=\u00bboff\u00bb button_two_border_radius__hover_enabled=\u00bboff\u00bb button_letter_spacing__hover_enabled=\u00bboff\u00bb button_one_letter_spacing__hover_enabled=\u00bboff\u00bb button_two_letter_spacing__hover_enabled=\u00bboff\u00bb button_bg_color__hover_enabled=\u00bboff\u00bb button_one_bg_color__hover_enabled=\u00bboff\u00bb button_two_bg_color__hover_enabled=\u00bboff\u00bb][\/et_pb_contact_field][\/et_pb_contact_form][\/et_pb_column][\/et_pb_row][\/et_pb_section]<\/p>\n","protected":false},"excerpt":{"rendered":"<p>Hermano menor del soci\u00f3logo Herbert de Souza (Betinho) y del dibujante Henfil, autor del primer libro sobre producci\u00f3n independiente de discos y del primer crowdfunding aplicado a la producci\u00f3n fonogr\u00e1fica en Brasil. Ocho discos autorales y tres libros publicados en s\u00f3lo 39 a\u00f1os de vida. Conozca la vida y la obra de uno de los [&hellip;]<\/p>\n","protected":false},"author":1,"featured_media":0,"parent":0,"menu_order":0,"comment_status":"closed","ping_status":"closed","template":"","meta":{"_et_pb_use_builder":"on","_et_pb_old_content":"","_et_gb_content_width":"","footnotes":""},"class_list":["post-1546","page","type-page","status-publish","hentry"],"jetpack_sharing_enabled":true,"_links":{"self":[{"href":"https:\/\/www.institutochicomario.org.br\/es\/wp-json\/wp\/v2\/pages\/1546","targetHints":{"allow":["GET"]}}],"collection":[{"href":"https:\/\/www.institutochicomario.org.br\/es\/wp-json\/wp\/v2\/pages"}],"about":[{"href":"https:\/\/www.institutochicomario.org.br\/es\/wp-json\/wp\/v2\/types\/page"}],"author":[{"embeddable":true,"href":"https:\/\/www.institutochicomario.org.br\/es\/wp-json\/wp\/v2\/users\/1"}],"replies":[{"embeddable":true,"href":"https:\/\/www.institutochicomario.org.br\/es\/wp-json\/wp\/v2\/comments?post=1546"}],"version-history":[{"count":10,"href":"https:\/\/www.institutochicomario.org.br\/es\/wp-json\/wp\/v2\/pages\/1546\/revisions"}],"predecessor-version":[{"id":2013,"href":"https:\/\/www.institutochicomario.org.br\/es\/wp-json\/wp\/v2\/pages\/1546\/revisions\/2013"}],"wp:attachment":[{"href":"https:\/\/www.institutochicomario.org.br\/es\/wp-json\/wp\/v2\/media?parent=1546"}],"curies":[{"name":"wp","href":"https:\/\/api.w.org\/{rel}","templated":true}]}}