{"id":1558,"date":"2018-06-21T13:40:28","date_gmt":"2018-06-21T16:40:28","guid":{"rendered":"http:\/\/www.institutochicomario.org.br\/transparencia-iccm\/"},"modified":"2022-11-23T17:39:52","modified_gmt":"2022-11-23T20:39:52","slug":"transparencia-iccm","status":"publish","type":"page","link":"https:\/\/www.institutochicomario.org.br\/es\/transparencia-iccm\/","title":{"rendered":"Transparencia ICCM"},"content":{"rendered":"<p>[et_pb_section fb_built=\u00bb1&#8243; admin_label=\u00bbHero section\u00bb _builder_version=\u00bb3.5.1&#8243; use_background_color_gradient=\u00bbon\u00bb background_color_gradient_start=\u00bbrgba(150,105,97,0.67)\u00bb background_color_gradient_end=\u00bbrgba(2,0,76,0.84)\u00bb background_color_gradient_overlays_image=\u00bbon\u00bb background_image=\u00bbhttp:\/\/www.institutochicomario.org.br\/wp-content\/uploads\/2018\/06\/chico-mario-crianc\u0327a.jpg\u00bb parallax=\u00bbon\u00bb custom_margin=\u00bb|||\u00bb custom_padding=\u00bb10px||9.4%||false|false\u00bb][et_pb_row custom_margin=\u00bb|||\u00bb padding_top_1=\u00bb1px\u00bb _builder_version=\u00bb3.5.1&#8243;][et_pb_column type=\u00bb2_3&#8243; _builder_version=\u00bb3.0.47&#8243; padding_top=\u00bb1px\u00bb parallax=\u00bboff\u00bb parallax_method=\u00bbon\u00bb][et_pb_cta title=\u00bbTransparencia\u00bb button_url=\u00bb#\u00bb _builder_version=\u00bb3.5.1&#8243; header_level=\u00bbh1&#8243; header_font=\u00bbAmaranth|900|||||||\u00bb header_font_size=\u00bb80px\u00bb header_font_size_tablet=\u00bb46px\u00bb header_font_size_last_edited=\u00bbon|tablet\u00bb header_letter_spacing=\u00bb2px\u00bb header_line_height=\u00bb1.2em\u00bb header_text_shadow_style=\u00bbpreset1&#8243; header_text_shadow_blur_strength=\u00bb0.6em\u00bb header_text_shadow_color=\u00bbrgba(0,0,0,0.6)\u00bb body_font=\u00bbLato||||||||\u00bb body_font_size=\u00bb20px\u00bb body_line_height=\u00bb1.8em\u00bb use_background_color=\u00bboff\u00bb custom_button=\u00bbon\u00bb button_text_size=\u00bb16px\u00bb button_text_color=\u00bb#ffffff\u00bb button_bg_color=\u00bb#fa7f28&#8243; button_border_width=\u00bb6px\u00bb button_border_color=\u00bb#fa7f28&#8243; button_border_radius=\u00bb5px\u00bb button_letter_spacing=\u00bb2px\u00bb button_font=\u00bbLato|900||on|||||\u00bb button_letter_spacing_hover=\u00bb2px\u00bb box_shadow_style_button=\u00bbpreset3&#8243; box_shadow_blur_button=\u00bb30px\u00bb box_shadow_spread_button=\u00bb8px\u00bb box_shadow_color_button=\u00bbrgba(250,127,40,0.15)\u00bb text_orientation=\u00bbleft\u00bb max_width=\u00bb750px\u00bb module_alignment=\u00bbleft\u00bb animation_style=\u00bbfold\u00bb animation_intensity_fold=\u00bb16%\u00bb]El Instituto Cultural Chico M\u00e1rio cree que la transparencia es un principio fundamental para la democracia y para consolidar la buena gesti\u00f3n. Por ello, publicamos en sitio diversos documentos que recogen nuestra naturaleza, actuaci\u00f3n, asociaciones, reglamentos y t\u00e9rminos relacionados con nuestra actuaci\u00f3n como organizaci\u00f3n de derecho privado sin \u00e1nimo de lucro.<br \/>\n[\/et_pb_cta][\/et_pb_column][et_pb_column type=\u00bb1_3&#8243; _builder_version=\u00bb3.0.47&#8243; parallax=\u00bboff\u00bb parallax_method=\u00bbon\u00bb][et_pb_text _builder_version=\u00bb3.5.1&#8243; text_font=\u00bbLato||||||||\u00bb text_text_color=\u00bbrgba(255,255,255,0.7)\u00bb text_font_size=\u00bb15px\u00bb text_line_height=\u00bb2em\u00bb link_font=\u00bb||||||||\u00bb link_text_color=\u00bb#ffffff\u00bb header_font=\u00bb||||||||\u00bb header_2_font=\u00bbLato||||||||\u00bb header_3_font=\u00bbLato|700|||||||\u00bb header_3_font_size=\u00bb23px\u00bb header_3_line_height=\u00bb1.5em\u00bb background_color=\u00bbrgba(36,36,76,0.62)\u00bb border_radii=\u00bbon|6px|6px|6px|6px\u00bb border_color_all=\u00bb#0a4685&#8243; border_width_top=\u00bb6px\u00bb background_layout=\u00bbdark\u00bb custom_margin=\u00bb34%||-20px|\u00bb custom_margin_tablet=\u00bb40px|||\u00bb custom_margin_last_edited=\u00bbon|tablet\u00bb custom_padding=\u00bb30px|30px|40px|30px\u00bb custom_padding_last_edited=\u00bbon|tablet\u00bb animation_style=\u00bbfold\u00bb animation_delay=\u00bb100ms\u00bb locked=\u00bboff\u00bb]<\/p>\n<h3>\u00bfQuiere saber m\u00e1s sobre el ICCM?<\/h3>\n<p>Consulta nuestra secci\u00f3n <a href=\"https:\/\/www.institutochicomario.org.br\/es\/sobre-el-instituto-cultural-chico-mario\/\"><em>QUIENES SOMOS<\/em><\/a>.<\/p>\n<p>[\/et_pb_text][\/et_pb_column][\/et_pb_row][\/et_pb_section][et_pb_section fb_built=\u00bb1&#8243; _builder_version=\u00bb3.0.106&#8243; custom_padding=\u00bb54px|0px|155px|0px|false|false\u00bb][et_pb_row use_custom_width=\u00bbon\u00bb custom_width_px=\u00bb1440px\u00bb use_custom_gutter=\u00bbon\u00bb gutter_width=\u00bb1&#8243; custom_padding=\u00bb60px|0px|60px|0px\u00bb custom_margin=\u00bb-10%|||\u00bb padding_right_1=\u00bb40px\u00bb padding_right_2=\u00bb40px\u00bb padding_right_3=\u00bb40px\u00bb padding_left_1=\u00bb40px\u00bb padding_left_2=\u00bb40px\u00bb padding_left_3=\u00bb40px\u00bb _builder_version=\u00bb3.5.1&#8243; background_color=\u00bb#ffffff\u00bb background_size=\u00bbinitial\u00bb background_position=\u00bbtop_left\u00bb background_repeat=\u00bbrepeat\u00bb border_radii=\u00bbon|15px|15px|15px|15px\u00bb border_color_all=\u00bb#0a4685&#8243; border_width_top=\u00bb18px\u00bb box_shadow_style=\u00bbpreset3&#8243; box_shadow_vertical=\u00bb39px\u00bb box_shadow_blur=\u00bb80px\u00bb box_shadow_color=\u00bbrgba(0,0,0,0.1)\u00bb animation_style=\u00bbslide\u00bb animation_direction=\u00bbbottom\u00bb animation_intensity_slide=\u00bb6%\u00bb animation_starting_opacity=\u00bb100%\u00bb][et_pb_column type=\u00bb1_2&#8243; _builder_version=\u00bb3.0.47&#8243; padding_left=\u00bb40px\u00bb padding_right=\u00bb40px\u00bb parallax=\u00bboff\u00bb parallax_method=\u00bbon\u00bb][et_pb_blurb title=\u00bbTARJETA CNPJ\u00bb use_icon=\u00bbon\u00bb font_icon=\u00bb%%117%%\u00bb icon_color=\u00bb#ffffff\u00bb use_circle=\u00bbon\u00bb use_icon_font_size=\u00bbon\u00bb icon_font_size=\u00bb40px\u00bb _builder_version=\u00bb3.5.1&#8243; header_font=\u00bbLato|900||on|||||\u00bb header_font_size=\u00bb15px\u00bb header_letter_spacing=\u00bb1px\u00bb header_line_height=\u00bb1.4em\u00bb body_font=\u00bbLato||||||||\u00bb body_text_color=\u00bb#898f99&#8243; body_font_size=\u00bb16px\u00bb body_line_height=\u00bb1.6em\u00bb text_orientation=\u00bbcenter\u00bb custom_margin=\u00bb|||\u00bb custom_padding=\u00bb|||\u00bb animation=\u00bboff\u00bb]Ponemos a disposici\u00f3n nuestra Tarjeta CNPJ para su consulta, como forma de garantizar la transparencia de nuestra fundaci\u00f3n y objeto social.<br \/>\n[\/et_pb_blurb][et_pb_button url_new_window=\u00bbon\u00bb button_text=\u00bbVER TARJETA CNPJ\u00bb button_alignment=\u00bbcenter\u00bb _builder_version=\u00bb3.5.1&#8243; custom_button=\u00bbon\u00bb button_text_size=\u00bb13px\u00bb button_text_color=\u00bb#0a4685&#8243; button_bg_color=\u00bbrgba(60,57,230,0.03)\u00bb button_border_width=\u00bb0px\u00bb button_border_radius=\u00bb6px\u00bb button_letter_spacing=\u00bb1px\u00bb button_font=\u00bbLato|700||on|||||\u00bb button_use_icon=\u00bboff\u00bb button_bg_color_hover=\u00bbrgba(85,135,178,0.34)\u00bb button_letter_spacing_hover=\u00bb1px\u00bb custom_margin=\u00bb40px|||\u00bb custom_padding=\u00bb10px|30px|10px|30px\u00bb animation_style=\u00bbfade\u00bb locked=\u00bboff\u00bb button_url=\u00bbhttps:\/\/www.dropbox.com\/s\/ax4afkec56p1ual\/INSTITUTO%20CHICO%20M%C3%81RIO%20-%20CART%C3%83O%20CNPJ.pdf?dl=1&#8243;][\/et_pb_button][\/et_pb_column][et_pb_column type=\u00bb1_2&#8243; _builder_version=\u00bb3.0.47&#8243; padding_left=\u00bb40px\u00bb padding_right=\u00bb40px\u00bb parallax=\u00bboff\u00bb parallax_method=\u00bbon\u00bb][et_pb_blurb title=\u00bbNUESTRO ESTATUTO\u00bb use_icon=\u00bbon\u00bb font_icon=\u00bb%%117%%\u00bb icon_color=\u00bb#ffffff\u00bb use_circle=\u00bbon\u00bb use_icon_font_size=\u00bbon\u00bb icon_font_size=\u00bb40px\u00bb _builder_version=\u00bb3.5.1&#8243; header_font=\u00bbLato|900||on|||||\u00bb header_font_size=\u00bb15px\u00bb header_letter_spacing=\u00bb1px\u00bb header_line_height=\u00bb1.4em\u00bb body_font=\u00bbLato||||||||\u00bb body_text_color=\u00bb#898f99&#8243; body_font_size=\u00bb16px\u00bb body_line_height=\u00bb1.6em\u00bb text_orientation=\u00bbcenter\u00bb custom_margin=\u00bb|||\u00bb custom_padding=\u00bb|||\u00bb animation=\u00bboff\u00bb]<\/p>\n<p>Conozca el Estatuto del Instituto Cultural Chico M\u00e1rio (ICCM) y sepa m\u00e1s sobre nuestra constituci\u00f3n haciendo clic en el bot\u00f3n de abajo para acceder al archivo PDF.<\/p>\n<p>[\/et_pb_blurb][et_pb_button button_url=\u00bbhttps:\/\/www.dropbox.com\/s\/a4wo6n452734r4l\/Estatuto%20ICCM.pdf?dl=1&#8243; url_new_window=\u00bbon\u00bb button_text=\u00bbACCEDER AL ESTATUTO\u00bb button_alignment=\u00bbcenter\u00bb _builder_version=\u00bb3.5.1&#8243; custom_button=\u00bbon\u00bb button_text_size=\u00bb13px\u00bb button_text_color=\u00bb#0a4685&#8243; button_bg_color=\u00bbrgba(60,57,230,0.03)\u00bb button_border_width=\u00bb0px\u00bb button_border_radius=\u00bb6px\u00bb button_letter_spacing=\u00bb1px\u00bb button_font=\u00bbLato|700||on|||||\u00bb button_use_icon=\u00bboff\u00bb button_bg_color_hover=\u00bbrgba(85,135,178,0.34)\u00bb button_letter_spacing_hover=\u00bb1px\u00bb custom_margin=\u00bb40px|||\u00bb custom_padding=\u00bb10px|30px|10px|30px\u00bb animation_style=\u00bbfade\u00bb locked=\u00bboff\u00bb][\/et_pb_button][\/et_pb_column][\/et_pb_row][\/et_pb_section]<\/p>\n","protected":false},"excerpt":{"rendered":"<p>El Instituto Cultural Chico M\u00e1rio cree que la transparencia es un principio fundamental para la democracia y para consolidar la buena gesti\u00f3n. Por ello, publicamos en sitio diversos documentos que recogen nuestra naturaleza, actuaci\u00f3n, asociaciones, reglamentos y t\u00e9rminos relacionados con nuestra actuaci\u00f3n como organizaci\u00f3n de derecho privado sin \u00e1nimo de lucro. \u00bfQuiere saber m\u00e1s sobre [&hellip;]<\/p>\n","protected":false},"author":1,"featured_media":0,"parent":0,"menu_order":0,"comment_status":"closed","ping_status":"closed","template":"","meta":{"_et_pb_use_builder":"on","_et_pb_old_content":"","_et_gb_content_width":"","footnotes":""},"class_list":["post-1558","page","type-page","status-publish","hentry"],"jetpack_sharing_enabled":true,"_links":{"self":[{"href":"https:\/\/www.institutochicomario.org.br\/es\/wp-json\/wp\/v2\/pages\/1558","targetHints":{"allow":["GET"]}}],"collection":[{"href":"https:\/\/www.institutochicomario.org.br\/es\/wp-json\/wp\/v2\/pages"}],"about":[{"href":"https:\/\/www.institutochicomario.org.br\/es\/wp-json\/wp\/v2\/types\/page"}],"author":[{"embeddable":true,"href":"https:\/\/www.institutochicomario.org.br\/es\/wp-json\/wp\/v2\/users\/1"}],"replies":[{"embeddable":true,"href":"https:\/\/www.institutochicomario.org.br\/es\/wp-json\/wp\/v2\/comments?post=1558"}],"version-history":[{"count":3,"href":"https:\/\/www.institutochicomario.org.br\/es\/wp-json\/wp\/v2\/pages\/1558\/revisions"}],"predecessor-version":[{"id":1561,"href":"https:\/\/www.institutochicomario.org.br\/es\/wp-json\/wp\/v2\/pages\/1558\/revisions\/1561"}],"wp:attachment":[{"href":"https:\/\/www.institutochicomario.org.br\/es\/wp-json\/wp\/v2\/media?parent=1558"}],"curies":[{"name":"wp","href":"https:\/\/api.w.org\/{rel}","templated":true}]}}