{"id":1936,"date":"2023-03-22T20:44:06","date_gmt":"2023-03-22T23:44:06","guid":{"rendered":"https:\/\/www.institutochicomario.org.br\/conozca-a-los-ganadores-del-premio-francisco-mario-de-guitarra-popular-americas-2023\/"},"modified":"2023-08-30T11:18:28","modified_gmt":"2023-08-30T14:18:28","slug":"conozca-a-los-ganadores-del-premio-francisco-mario-de-guitarra-popular-americas-2023","status":"publish","type":"page","link":"https:\/\/www.institutochicomario.org.br\/es\/conozca-a-los-ganadores-del-premio-francisco-mario-de-guitarra-popular-americas-2023\/","title":{"rendered":"Conozca a los ganadores del Premio Francisco M\u00e1rio de Guitarra Popular &#8211; Am\u00e9ricas 2023"},"content":{"rendered":"<p>[et_pb_section fb_built=\u00bb1&#8243; admin_label=\u00bbFeature\u00bb _builder_version=\u00bb4.19.1&#8243; background_size=\u00bbinitial\u00bb global_colors_info=\u00bb{}\u00bb][et_pb_row _builder_version=\u00bb4.16&#8243; global_colors_info=\u00bb{}\u00bb][et_pb_column type=\u00bb4_4&#8243; _builder_version=\u00bb4.16&#8243; custom_padding=\u00bb|||\u00bb global_colors_info=\u00bb{}\u00bb custom_padding__hover=\u00bb|||\u00bb][et_pb_text _builder_version=\u00bb4.16&#8243; text_font=\u00bbAmaranth||||||||\u00bb text_text_color=\u00bb#0a4685&#8243; text_line_height=\u00bb1.5em\u00bb header_font=\u00bbAmaranth||||||||\u00bb header_text_align=\u00bbcenter\u00bb header_text_color=\u00bb#0a4685&#8243; header_2_font=\u00bbFredoka One||||||||\u00bb header_2_text_color=\u00bb#262f71&#8243; header_2_font_size=\u00bb46px\u00bb header_2_line_height=\u00bb1.3em\u00bb animation_direction=\u00bbtop\u00bb global_colors_info=\u00bb{}\u00bb]<\/p>\n<h1>Final del Pr\u00e9mio Francisco M\u00e1rio de Guitarra Popular<\/h1>\n<p>[\/et_pb_text][et_pb_text _builder_version=\u00bb4.16&#8243; text_font=\u00bbNunito||||||||\u00bb text_font_size=\u00bb18px\u00bb text_line_height=\u00bb1.8em\u00bb header_font=\u00bb||||||||\u00bb custom_padding=\u00bb0px|||\u00bb animation_direction=\u00bbtop\u00bb global_colors_info=\u00bb{}\u00bb]<\/p>\n<p>El 14 de marzo de 2023, fecha en que se conmemora el 35\u00ba aniversario de la muerte del m\u00fasico de Minas Gerais Francisco M\u00e1rio, tuvo lugar la presentaci\u00f3n final y la ceremonia de entrega de premios a los finalistas del Premio Francisco M\u00e1rio de Guitarra Popular &#8211; edici\u00f3n Am\u00e9ricas. En el Espacio Tucum\u00e1n de Buenos Aires, los 10 m\u00fasicos finalistas actuaron y fueron evaluados por los jueces Marcos Souza y Juan Fal\u00fa.<\/p>\n<p>Asistieron al acto el embajador de Brasil en Argentina, Reinaldo Salgado, y la agregada cultural, Hayle Gadelha. La ceremonia fue transmitida v\u00eda <a href=\"https:\/\/www.instagram.com\/InstitutoCulturalChicoMario\/\">Instagram por el Instituto Cultural Chico M\u00e1rio (ICCM)<\/a> y fue retratada por el fot\u00f3grafo <a href=\"https:\/\/www.instagram.com\/thavieceli_fotosdearte\/\">Thami Vieceli<\/a>, que compartimos a continuaci\u00f3n.<\/p>\n<p>En el fallo final del jurado, los siguientes m\u00fasicos ocuparon los primeros puestos:<\/p>\n<p><strong>1er LUGAR &#8211; Andr\u00e9 Pinto Siqueira<\/strong> (R\u00edo de Janeiro, Brasil) &#8211; Cuba<br \/><strong>2\u00ba LUGAR (Empate) &#8211; Lucas Cuba Bittencourt Gralato<\/strong> (R\u00edo de Janeiro, Brasil) &#8211; Domingo<br \/><strong>2\u00ba LUGAR (Empate) &#8211; Pedro Silveira Franco<\/strong> (R\u00edo de Janeiro, Brasil) &#8211; Tercera Guerra<\/p>\n<p>&nbsp;<\/p>\n<p>[\/et_pb_text][et_pb_gallery gallery_ids=\u00bb1785,1788,1782,1779,1701,1704,1710,1713,1716,1719,1725,1731,1734,1743,1746,1749,1755,1758,1761,1764,1770,1707,1776,1773,1767,1752,1740,1737,1728,1722&#8243; fullwidth=\u00bbon\u00bb _builder_version=\u00bb4.20.2&#8243; _module_preset=\u00bbdefault\u00bb animation_style=\u00bbslide\u00bb auto=\u00bbon\u00bb box_shadow_style=\u00bbpreset2&#8243; global_colors_info=\u00bb{}\u00bb][\/et_pb_gallery][\/et_pb_column][\/et_pb_row][et_pb_row _builder_version=\u00bb4.16&#8243; global_colors_info=\u00bb{}\u00bb][et_pb_column type=\u00bb4_4&#8243; _builder_version=\u00bb4.16&#8243; custom_padding=\u00bb|||\u00bb global_colors_info=\u00bb{}\u00bb custom_padding__hover=\u00bb|||\u00bb][et_pb_text _builder_version=\u00bb4.16&#8243; text_font=\u00bbAmaranth||||||||\u00bb text_text_color=\u00bb#0a4685&#8243; text_line_height=\u00bb1.5em\u00bb header_font=\u00bbAmaranth||||||||\u00bb header_text_align=\u00bbcenter\u00bb header_text_color=\u00bb#0a4685&#8243; header_2_font=\u00bbFredoka One||||||||\u00bb header_2_text_color=\u00bb#262f71&#8243; header_2_font_size=\u00bb46px\u00bb header_2_line_height=\u00bb1.3em\u00bb animation_direction=\u00bbtop\u00bb global_colors_info=\u00bb{}\u00bb]<\/p>\n<h1>Sobre el Premio<\/h1>\n<p>[\/et_pb_text][et_pb_text _builder_version=\u00bb4.16&#8243; text_font=\u00bbNunito||||||||\u00bb text_font_size=\u00bb18px\u00bb text_line_height=\u00bb1.8em\u00bb header_font=\u00bb||||||||\u00bb custom_padding=\u00bb0px|||\u00bb animation_direction=\u00bbtop\u00bb global_colors_info=\u00bb{}\u00bb]<\/p>\n<p>Francisco M\u00e1rio fue uno de los pioneros de la grabaci\u00f3n independiente en Brasil junto a Antonio Adolfo, y posiblemente el primero en utilizar la herramienta de crowdfunding en el pa\u00eds, en 1980, para producir su segundo \u00e1lbum <em>\u00abRevolta dos Palha\u00e7os\u00bb.<\/em> Respetado guitarrista de Minas Gerais, Brasil, dej\u00f3 casi 90 obras, 8 discos y 3 libros en su corta vida. Hermano del dibujante Henfil y del soci\u00f3logo Betinho, Chico M\u00e1rio, como se le conoc\u00eda cari\u00f1osamente, muri\u00f3 el 14 de marzo de 1988, a los 39 a\u00f1os. Para difundir su importante obra guitarr\u00edstica, fomentar la cultura brasile\u00f1a, estimular la creaci\u00f3n independiente y valorizar el instrumento m\u00e1s popular de Brasil, la guitarra, el Premio Francisco M\u00e1rio de Guitarra Acustica otorgar\u00e1 premios en di\u00f1ero y trofeos, dise\u00f1ados por el artista Mauricio Manzo, en una acci\u00f3n del Instituto Cultural Chico M\u00e1rio en colaboraci\u00f3n con el Instituto Guimar\u00e3es Rosa y el Ministerio de Asuntos Exteriores de Brasil.<\/p>\n<p>[\/et_pb_text][\/et_pb_column][\/et_pb_row][et_pb_row column_structure=\u00bb1_3,1_3,1_3&#8243; _builder_version=\u00bb4.19.4&#8243; global_colors_info=\u00bb{}\u00bb][et_pb_column type=\u00bb1_3&#8243; _builder_version=\u00bb4.16&#8243; custom_padding=\u00bb|||\u00bb global_colors_info=\u00bb{}\u00bb custom_padding__hover=\u00bb|||\u00bb][et_pb_image src=\u00bbhttps:\/\/www.institutochicomario.org.br\/wp-content\/uploads\/2018\/06\/ICCM.png\u00bb title_text=\u00bbICCM\u00bb align=\u00bbcenter\u00bb align_tablet=\u00bbcenter\u00bb align_phone=\u00bb\u00bb align_last_edited=\u00bbon|desktop\u00bb _builder_version=\u00bb4.19.1&#8243; module_alignment=\u00bbcenter\u00bb custom_margin=\u00bb14px|||\u00bb global_colors_info=\u00bb{}\u00bb] \u00a0 [\/et_pb_image][\/et_pb_column][et_pb_column type=\u00bb1_3&#8243; _builder_version=\u00bb4.19.4&#8243; _module_preset=\u00bbdefault\u00bb global_colors_info=\u00bb{}\u00bb][et_pb_image src=\u00bbhttps:\/\/www.institutochicomario.org.br\/wp-content\/uploads\/2023\/01\/IGR_logo_linha_vert.png\u00bb title_text=\u00bbIGR_logo_vert_line\u00bb align=\u00bbcenter\u00bb _builder_version=\u00bb4.19.4&#8243; _module_preset=\u00bbdefault\u00bb module_alignment=\u00bbcenter\u00bb max_height=\u00bb129px\u00bb global_colors_info=\u00bb{}\u00bb][\/et_pb_image][\/et_pb_column][et_pb_column type=\u00bb1_3&#8243; _builder_version=\u00bb4.16&#8243; custom_padding=\u00bb|||\u00bb global_colors_info=\u00bb{}\u00bb custom_padding__hover=\u00bb|||\u00bb][et_pb_image src=\u00bbhttps:\/\/www.institutochicomario.org.br\/wp-content\/uploads\/2023\/01\/ministerio.png\u00bb title_text=\u00bbministerio\u00bb align=\u00bbcenter\u00bb align_tablet=\u00bbcenter\u00bb align_phone=\u00bb\u00bb align_last_edited=\u00bbon|desktop\u00bb _builder_version=\u00bb4.19.4&#8243; custom_margin=\u00bb30px|||\u00bb global_colors_info=\u00bb{}\u00bb] \u00a0 [\/et_pb_image][\/et_pb_column][\/et_pb_row][et_pb_row column_structure=\u00bb1_3,1_3,1_3&#8243; _builder_version=\u00bb4.19.4&#8243; global_colors_info=\u00bb{}\u00bb][et_pb_column type=\u00bb1_3&#8243; _builder_version=\u00bb4.16&#8243; custom_padding=\u00bb|||\u00bb global_colors_info=\u00bb{}\u00bb custom_padding__hover=\u00bb|||\u00bb][et_pb_image src=\u00bbhttps:\/\/www.institutochicomario.org.br\/wp-content\/uploads\/2022\/11\/download.png\u00bb title_text=\u00bbdescargar\u00bb align=\u00bbcenter\u00bb align_tablet=\u00bbcenter\u00bb align_phone=\u00bb\u00bb align_last_edited=\u00bbon|desktop\u00bb _builder_version=\u00bb4.19.4&#8243; max_height=\u00bb166px\u00bb global_colors_info=\u00bb{}\u00bb] \u00a0 [\/et_pb_image][\/et_pb_column][et_pb_column type=\u00bb1_3&#8243; _builder_version=\u00bb4.19.4&#8243; _module_preset=\u00bbdefault\u00bb custom_padding=\u00bb45px||||false|false\u00bb global_colors_info=\u00bb{}\u00bb][et_pb_image src=\u00bbhttps:\/\/www.institutochicomario.org.br\/wp-content\/uploads\/2023\/01\/Logotipo-Dialogica-Comunicacao-Estrategica-FULL.png\u00bb title_text=\u00bbLogotipo Dial\u00f3gica Comunica\u00e7\u00e3o Estrat\u00e9gica FULL\u00bb align=\u00bbcenter\u00bb _builder_version=\u00bb4.19.4&#8243; _module_preset=\u00bbdefault\u00bb module_alignment=\u00bbcenter\u00bb max_height=\u00bb129px\u00bb global_colors_info=\u00bb{}\u00bb][\/et_pb_image][\/et_pb_column][et_pb_column type=\u00bb1_3&#8243; _builder_version=\u00bb4.19.4&#8243; custom_padding=\u00bb45px||||false|false\u00bb global_colors_info=\u00bb{}\u00bb custom_padding__hover=\u00bb|||\u00bb][et_pb_image src=\u00bbhttps:\/\/www.institutochicomario.org.br\/wp-content\/uploads\/2023\/01\/WhatsApp-Image-2023-01-24-at-16.20.41.png\u00bb title_text=\u00bbImagen de WhatsApp 2023-01-24 a las 16.20.41&#8243; align=\u00bbcenter\u00bb align_tablet=\u00bbcenter\u00bb align_phone=\u00bb\u00bb align_last_edited=\u00bbon|desktop\u00bb _builder_version=\u00bb4.19.4&#8243; module_alignment=\u00bbcenter\u00bb custom_margin=\u00bb0px||||false|false\u00bb global_colors_info=\u00bb{}\u00bb] \u00a0 [\/et_pb_image][\/et_pb_column][\/et_pb_row][et_pb_row _builder_version=\u00bb4.19.1&#8243; global_colors_info=\u00bb{}\u00bb][et_pb_column type=\u00bb4_4&#8243; _builder_version=\u00bb4.19.0&#8243; custom_padding=\u00bb|||\u00bb global_colors_info=\u00bb{}\u00bb custom_padding__hover=\u00bb|||\u00bb][et_pb_text _builder_version=\u00bb4.16&#8243; global_colors_info=\u00bb{}\u00bb]<\/p>\n<h2 style=\"text-align: center;\">Co-realizaci\u00f3n<\/h2>\n<p>[\/et_pb_text][et_pb_image src=\u00bbhttps:\/\/www.institutochicomario.org.br\/wp-content\/uploads\/2018\/07\/logo-atelier-cultural.png\u00bb title_text=\u00bblogo atelier cultural\u00bb align=\u00bbcenter\u00bb align_tablet=\u00bbcenter\u00bb align_phone=\u00bb\u00bb align_last_edited=\u00bbon|desktop\u00bb _builder_version=\u00bb4.19.0&#8243; max_width=\u00bb18%\u00bb global_colors_info=\u00bb{}\u00bb][\/et_pb_image][\/et_pb_column][\/et_pb_row][\/et_pb_section][et_pb_section fb_built=\u00bb1&#8243; prev_background_color=\u00bb#ffffff\u00bb admin_label=\u00bbFeatures\u00bb _builder_version=\u00bb4.16&#8243; background_color=\u00bb#0a4685&#8243; use_background_color_gradient=\u00bbon\u00bb background_color_gradient_stops=\u00bb#0a4685 0%|#0a4685 100%\u00bb background_color_gradient_start=\u00bb#0a4685&#8243; background_color_gradient_end=\u00bb#0a4685&#8243; background_blend=\u00bboverlay\u00bb custom_padding=\u00bb150px||120px|\u00bb top_divider_style=\u00bbwave2&#8243; top_divider_height=\u00bb150px\u00bb top_divider_flip=\u00bbhorizontal\u00bb locked=\u00bboff\u00bb global_colors_info=\u00bb{}\u00bb][et_pb_row custom_padding_last_edited=\u00bboff|desktop\u00bb _builder_version=\u00bb4.16&#8243; custom_margin=\u00bb|||\u00bb custom_padding=\u00bb|||\u00bb animation_style=\u00bbfade\u00bb global_colors_info=\u00bb{}\u00bb][et_pb_column type=\u00bb4_4&#8243; _builder_version=\u00bb4.16&#8243; custom_padding=\u00bb|||\u00bb global_colors_info=\u00bb{}\u00bb custom_padding__hover=\u00bb|||\u00bb][et_pb_text _builder_version=\u00bb4.16&#8243; text_font=\u00bb||||||||\u00bb header_font=\u00bb||||||||\u00bb header_text_align=\u00bbcenter\u00bb header_line_height=\u00bb0em\u00bb header_2_font=\u00bbFredoka One||||||||\u00bb header_2_text_align=\u00bbcenter\u00bb header_2_font_size=\u00bb46px\u00bb header_2_line_height=\u00bb1.3em\u00bb background_layout=\u00bbdark\u00bb max_width=\u00bb700px\u00bb module_alignment=\u00bbcenter\u00bb custom_margin=\u00bb|||\u00bb animation_style=\u00bbslide\u00bb animation_direction=\u00bbtop\u00bb animation_intensity_slide=\u00bb5%\u00bb animation_starting_opacity=\u00bb100%\u00bb global_colors_info=\u00bb{}\u00bb]<\/p>\n<h1>Fechas y etapas<\/h1>\n<p>[\/et_pb_text][\/et_pb_column][\/et_pb_row][et_pb_row column_structure=\u00bb1_4,1_4,1_4,1_4&#8243; _builder_version=\u00bb4.16&#8243; custom_margin=\u00bb30px|||\u00bb global_colors_info=\u00bb{}\u00bb][et_pb_column type=\u00bb1_4&#8243; _builder_version=\u00bb4.16&#8243; custom_padding=\u00bb|||\u00bb global_colors_info=\u00bb{}\u00bb custom_padding__hover=\u00bb|||\u00bb][et_pb_blurb title=\u00bb1. registro\u00bb image=\u00bbhttps:\/\/www.institutochicomario.org.br\/wp-content\/uploads\/2018\/06\/babysitter-icon-21.png\u00bb _builder_version=\u00bb4.19.4&#8243; header_font=\u00bbAmaranth||||||||\u00bb header_font_size=\u00bb22px\u00bb header_line_height=\u00bb1.3em\u00bb body_font=\u00bbNunito||||||||\u00bb body_line_height=\u00bb1.8em\u00bb text_orientation=\u00bbcenter\u00bb background_layout=\u00bbdark\u00bb animation_style=\u00bbfade\u00bb animation=\u00bboff\u00bb border_radii_image=\u00bbon|500px|500px|500px|500px\u00bb border_width_all_image=\u00bb14px\u00bb border_color_all_image=\u00bb#ffffff\u00bb box_shadow_style_image=\u00bbpreset3&#8243; box_shadow_color_image=\u00bbrgba(102,175,204,0.35)\u00bb global_colors_info=\u00bb{}\u00bb]<\/p>\n<p>Del 20 de enero al 20 de febrero, puede inscribirse aqu\u00ed en el sitio web y presentar su interpretaci\u00f3n al jurado de preselecci\u00f3n del Premio.<\/p>\n<p>[\/et_pb_blurb][\/et_pb_column][et_pb_column type=\u00bb1_4&#8243; _builder_version=\u00bb4.16&#8243; custom_padding=\u00bb|||\u00bb global_colors_info=\u00bb{}\u00bb custom_padding__hover=\u00bb|||\u00bb][et_pb_blurb title=\u00bb2. Pre-selecci\u00f3n\u00bb image=\u00bbhttps:\/\/www.institutochicomario.org.br\/wp-content\/uploads\/2018\/06\/babysitter-icon-22.png\u00bb _builder_version=\u00bb4.19.4&#8243; header_font=\u00bbAmaranth||||||||\u00bb header_font_size=\u00bb22px\u00bb header_line_height=\u00bb1.3em\u00bb body_font=\u00bbNunito||||||||\u00bb body_line_height=\u00bb1.8em\u00bb text_orientation=\u00bbcenter\u00bb background_layout=\u00bbdark\u00bb animation_style=\u00bbfade\u00bb animation_delay=\u00bb100ms\u00bb animation=\u00bboff\u00bb border_radii_image=\u00bbon|500px|500px|500px|500px\u00bb border_width_all_image=\u00bb14px\u00bb border_color_all_image=\u00bb#ffffff\u00bb box_shadow_style_image=\u00bbpreset3&#8243; box_shadow_color_image=\u00bbrgba(102,175,204,0.35)\u00bb global_colors_info=\u00bb{}\u00bb]<\/p>\n<p>El jurado evaluar\u00e1 las obras publicadas y presentadas y confirmar\u00e1 las que se publiquen aqu\u00ed en el sitio y se comuniquen por correo electr\u00f3nico.<\/p>\n<p>[\/et_pb_blurb][\/et_pb_column][et_pb_column type=\u00bb1_4&#8243; _builder_version=\u00bb4.16&#8243; custom_padding=\u00bb|||\u00bb global_colors_info=\u00bb{}\u00bb custom_padding__hover=\u00bb|||\u00bb][et_pb_blurb title=\u00bb3. Ceremonia oficial\u00bb image=\u00bbhttps:\/\/www.institutochicomario.org.br\/wp-content\/uploads\/2018\/06\/babysitter-icon-23.png\u00bb _builder_version=\u00bb4.19.4&#8243; header_font=\u00bbAmaranth||||||||\u00bb header_font_size=\u00bb22px\u00bb header_line_height=\u00bb1.3em\u00bb body_font=\u00bbNunito||||||||\u00bb body_line_height=\u00bb1.8em\u00bb text_orientation=\u00bbcenter\u00bb background_layout=\u00bbdark\u00bb animation_style=\u00bbfade\u00bb animation_delay=\u00bb200ms\u00bb animation=\u00bboff\u00bb border_radii_image=\u00bbon|500px|500px|500px|500px\u00bb border_width_all_image=\u00bb14px\u00bb border_color_all_image=\u00bb#ffffff\u00bb box_shadow_style_image=\u00bbpreset3&#8243; box_shadow_color_image=\u00bbrgba(102,175,204,0.35)\u00bb global_colors_info=\u00bb{}\u00bb]<\/p>\n<p>Los clasificados para la fase final har\u00e1n una presentaci\u00f3n en la Ceremonia Oficial en Buenos Aires el 14 de marzo de 2023.<\/p>\n<p>[\/et_pb_blurb][\/et_pb_column][et_pb_column type=\u00bb1_4&#8243; _builder_version=\u00bb4.16&#8243; custom_padding=\u00bb|||\u00bb global_colors_info=\u00bb{}\u00bb custom_padding__hover=\u00bb|||\u00bb][et_pb_blurb title=\u00bb4. Premio\u00bb image=\u00bbhttps:\/\/www.institutochicomario.org.br\/wp-content\/uploads\/2018\/06\/babysitter-icon-24.png\u00bb _builder_version=\u00bb4.19.4&#8243; header_font=\u00bbAmaranth||||||||\u00bb header_font_size=\u00bb22px\u00bb header_line_height=\u00bb1.3em\u00bb body_font=\u00bbNunito||||||||\u00bb body_line_height=\u00bb1.8em\u00bb text_orientation=\u00bbcenter\u00bb background_layout=\u00bbdark\u00bb animation_style=\u00bbfade\u00bb animation_delay=\u00bb300ms\u00bb animation=\u00bboff\u00bb border_radii_image=\u00bbon|500px|500px|500px|500px\u00bb border_width_all_image=\u00bb14px\u00bb border_color_all_image=\u00bb#ffffff\u00bb box_shadow_style_image=\u00bbpreset3&#8243; box_shadow_color_image=\u00bbrgba(102,175,204,0.35)\u00bb global_colors_info=\u00bb{}\u00bb]<\/p>\n<p>Se entregar\u00e1n premios en di\u00f1ero a las 10 personas seleccionadas y trofeos para el primer y segundo puesto del concurso.<\/p>\n<p>[\/et_pb_blurb][\/et_pb_column][\/et_pb_row][\/et_pb_section][et_pb_section fb_built=\u00bb1&#8243; admin_label=\u00bbFeature\u00bb _builder_version=\u00bb4.16&#8243; custom_padding=\u00bb50px|0px|120px|0px|false|false\u00bb global_colors_info=\u00bb{}\u00bb][et_pb_row column_structure=\u00bb1_2,1_2&#8243; module_class=\u00bbpanel-body\u00bb _builder_version=\u00bb4.16&#8243; custom_margin=\u00bb|||\u00bb animation_style=\u00bbfade\u00bb global_colors_info=\u00bb{}\u00bb][et_pb_column type=\u00bb1_2&#8243; _builder_version=\u00bb4.16&#8243; custom_padding=\u00bb|||\u00bb global_colors_info=\u00bb{}\u00bb custom_padding__hover=\u00bb|||\u00bb][et_pb_image src=\u00bbhttps:\/\/www.institutochicomario.org.br\/wp-content\/uploads\/2018\/06\/cropped-ICCM-Favicon.png\u00bb title_text=\u00bbcropped-ICCM-Favicon.png\u00bb force_fullwidth=\u00bbon\u00bb align_tablet=\u00bbcenter\u00bb align_phone=\u00bb\u00bb align_last_edited=\u00bbon|desktop\u00bb admin_label=\u00bbIllustration\u00bb _builder_version=\u00bb4.19.1&#8243; animation_style=\u00bbfade\u00bb global_colors_info=\u00bb{}\u00bb] \u00a0 [\/et_pb_image][\/et_pb_column][et_pb_column type=\u00bb1_2&#8243; _builder_version=\u00bb4.16&#8243; custom_padding=\u00bb7%|||\u00bb global_colors_info=\u00bb{}\u00bb custom_padding__hover=\u00bb|||\u00bb][et_pb_text _builder_version=\u00bb4.16&#8243; header_font=\u00bbAmaranth||||||||\u00bb header_text_color=\u00bb#0a4685&#8243; header_2_font=\u00bbAmaranth||||||||\u00bb header_2_text_color=\u00bb#0a4685&#8243; header_2_font_size=\u00bb46px\u00bb header_2_line_height=\u00bb1.3em\u00bb animation_style=\u00bbslide\u00bb animation_direction=\u00bbtop\u00bb animation_intensity_slide=\u00bb5%\u00bb animation_starting_opacity=\u00bb100%\u00bb locked=\u00bboff\u00bb global_colors_info=\u00bb{}\u00bb]<\/p>\n<h2>\u00a1VIVA CHICO M\u00c1RIO!<\/h2>\n<p>[\/et_pb_text][\/et_pb_column][\/et_pb_row][\/et_pb_section]<\/p>\n","protected":false},"excerpt":{"rendered":"<p>Final del Pr\u00e9mio Francisco M\u00e1rio de Guitarra PopularEl 14 de marzo de 2023, fecha en que se conmemora el 35\u00ba aniversario de la muerte del m\u00fasico de Minas Gerais Francisco M\u00e1rio, tuvo lugar la presentaci\u00f3n final y la ceremonia de entrega de premios a los finalistas del Premio Francisco M\u00e1rio de Guitarra Popular &#8211; edici\u00f3n [&hellip;]<\/p>\n","protected":false},"author":2,"featured_media":0,"parent":0,"menu_order":0,"comment_status":"closed","ping_status":"closed","template":"","meta":{"_et_pb_use_builder":"on","_et_pb_old_content":"","_et_gb_content_width":"","footnotes":""},"class_list":["post-1936","page","type-page","status-publish","hentry"],"jetpack_sharing_enabled":true,"_links":{"self":[{"href":"https:\/\/www.institutochicomario.org.br\/es\/wp-json\/wp\/v2\/pages\/1936","targetHints":{"allow":["GET"]}}],"collection":[{"href":"https:\/\/www.institutochicomario.org.br\/es\/wp-json\/wp\/v2\/pages"}],"about":[{"href":"https:\/\/www.institutochicomario.org.br\/es\/wp-json\/wp\/v2\/types\/page"}],"author":[{"embeddable":true,"href":"https:\/\/www.institutochicomario.org.br\/es\/wp-json\/wp\/v2\/users\/2"}],"replies":[{"embeddable":true,"href":"https:\/\/www.institutochicomario.org.br\/es\/wp-json\/wp\/v2\/comments?post=1936"}],"version-history":[{"count":3,"href":"https:\/\/www.institutochicomario.org.br\/es\/wp-json\/wp\/v2\/pages\/1936\/revisions"}],"predecessor-version":[{"id":1939,"href":"https:\/\/www.institutochicomario.org.br\/es\/wp-json\/wp\/v2\/pages\/1936\/revisions\/1939"}],"wp:attachment":[{"href":"https:\/\/www.institutochicomario.org.br\/es\/wp-json\/wp\/v2\/media?parent=1936"}],"curies":[{"name":"wp","href":"https:\/\/api.w.org\/{rel}","templated":true}]}}